{"id":427,"date":"2018-04-07T06:33:28","date_gmt":"2018-04-07T06:33:28","guid":{"rendered":"https:\/\/nomaddeskus.com\/?page_id=427"},"modified":"2024-04-06T23:52:18","modified_gmt":"2024-04-07T06:52:18","slug":"blog","status":"publish","type":"page","link":"https:\/\/nomaddeskus.com\/es\/blog\/","title":{"rendered":"Blog"},"content":{"rendered":"<h1 style=\"text-align: center;\">The Nomads Blog<\/h1>\n<article data-id=\"1164\">\n<header>\n<h2><a\n                        href=\"https:\/\/nomaddeskus.com\/es\/checking-a-patients-eligibility\/\"\n                        title=\"Comprobaci\u00f3n de la elegibilidad de un paciente\">Comprobaci\u00f3n de la elegibilidad de un paciente<\/a><\/h2>\n<\/header>\n<p>Un aspecto fundamental de la gesti\u00f3n exitosa de una cl\u00ednica comunitaria es consultar con las compa\u00f1\u00edas de seguros la elegibilidad y los beneficios de los pacientes. Conocer esta informaci\u00f3n de antemano es clave para que sus citas transcurran sin problemas, evitar demoras en los pagos y aumentar\u2026<\/p>\n<p><a\n                            href=\"https:\/\/nomaddeskus.com\/es\/checking-a-patients-eligibility\/\"\n                           >Me interesa<\/a><br \/>\n    <\/article>\n<article data-id=\"1132\">\n            <a href=\"https:\/\/nomaddeskus.com\/es\/our-new-division-nomad-digital\/\"><\/a><br \/>\n                <img decoding=\"async\" width=\"300\" height=\"200\" src=\"https:\/\/nomaddeskus.com\/wp-content\/uploads\/2021\/02\/pexels-serpstat-572056-scaled-300x200.jpg\" alt=\"digital marketing agency in los angeles, mexico, customer service\" loading=\"lazy\" srcset=\"https:\/\/nomaddeskus.com\/wp-content\/uploads\/2021\/02\/pexels-serpstat-572056-scaled-300x200.jpg 300w, https:\/\/nomaddeskus.com\/wp-content\/uploads\/2021\/02\/pexels-serpstat-572056-scaled-600x400.jpg 600w, https:\/\/nomaddeskus.com\/wp-content\/uploads\/2021\/02\/pexels-serpstat-572056-scaled-1024x683.jpg 1024w, https:\/\/nomaddeskus.com\/wp-content\/uploads\/2021\/02\/pexels-serpstat-572056-768x512.jpg 768w, https:\/\/nomaddeskus.com\/wp-content\/uploads\/2021\/02\/pexels-serpstat-572056-1536x1025.jpg 1536w, https:\/\/nomaddeskus.com\/wp-content\/uploads\/2021\/02\/pexels-serpstat-572056-2048x1366.jpg 2048w\" sizes=\"auto, 100vw\" \/><\/p>\n<header>\n<h2><a\n                        href=\"https:\/\/nomaddeskus.com\/es\/our-new-division-nomad-digital\/\"\n                        title=\"Nuestra nueva divisi\u00f3n: Nomad Digital\">Nuestra nueva divisi\u00f3n: Nomad Digital<\/a><\/h2>\n<\/header>\n<p>Despu\u00e9s de 6 a\u00f1os de ofrecer y trabajar con E-commerce, Cl\u00ednicas Comunitarias y otros negocios disruptivos, descubrimos que el Servicio al Cliente se ha vuelto extremadamente importante durante 2020. La presencia del servicio al cliente en redes sociales, landing pages y otras plataformas es m\u00e1s\u2026<\/p>\n<p><a\n                            href=\"https:\/\/nomaddeskus.com\/es\/our-new-division-nomad-digital\/\"\n                           >Me interesa<\/a><br \/>\n    <\/article>","protected":false},"excerpt":{"rendered":"<p>The Nomads Blog Checking a patient&#8217;s eligibility A fundamental aspect of a successful community clinic\u2019s management is to check with insurance carriers the eligibility and benefits of the patients. Knowing this information beforehand is key to have your appointments running smoothly, avoid delays in payment, and boost&#8230; I&#8217;m interested Our new division: Nomad Digital After [&hellip;]<\/p>","protected":false},"author":1,"featured_media":0,"parent":0,"menu_order":0,"comment_status":"closed","ping_status":"closed","template":"elementor_header_footer","meta":{"footnotes":""},"class_list":["post-427","page","type-page","status-publish","hentry"],"jetpack_sharing_enabled":true,"_links":{"self":[{"href":"https:\/\/nomaddeskus.com\/es\/wp-json\/wp\/v2\/pages\/427","targetHints":{"allow":["GET"]}}],"collection":[{"href":"https:\/\/nomaddeskus.com\/es\/wp-json\/wp\/v2\/pages"}],"about":[{"href":"https:\/\/nomaddeskus.com\/es\/wp-json\/wp\/v2\/types\/page"}],"author":[{"embeddable":true,"href":"https:\/\/nomaddeskus.com\/es\/wp-json\/wp\/v2\/users\/1"}],"replies":[{"embeddable":true,"href":"https:\/\/nomaddeskus.com\/es\/wp-json\/wp\/v2\/comments?post=427"}],"version-history":[{"count":23,"href":"https:\/\/nomaddeskus.com\/es\/wp-json\/wp\/v2\/pages\/427\/revisions"}],"predecessor-version":[{"id":7733,"href":"https:\/\/nomaddeskus.com\/es\/wp-json\/wp\/v2\/pages\/427\/revisions\/7733"}],"wp:attachment":[{"href":"https:\/\/nomaddeskus.com\/es\/wp-json\/wp\/v2\/media?parent=427"}],"curies":[{"name":"wp","href":"https:\/\/api.w.org\/{rel}","templated":true}]}}