{"id":8064,"date":"2024-07-15T04:35:50","date_gmt":"2024-07-15T11:35:50","guid":{"rendered":"https:\/\/nomaddeskus.com\/?page_id=8064"},"modified":"2025-10-30T12:29:48","modified_gmt":"2025-10-30T19:29:48","slug":"careers-2","status":"publish","type":"page","link":"https:\/\/nomaddeskus.com\/es\/careers-2\/","title":{"rendered":"Carreras"},"content":{"rendered":"<div class=\"wp-block-cover alignfull\" style=\"min-height:720px;aspect-ratio:unset;\"><img loading=\"lazy\" decoding=\"async\" width=\"1920\" height=\"1280\" class=\"wp-block-cover__image-background wp-image-8065\" alt=\"\" src=\"https:\/\/nomaddeskus.com\/wp-content\/uploads\/2024\/07\/header-why.webp\" data-object-fit=\"cover\" srcset=\"https:\/\/nomaddeskus.com\/wp-content\/uploads\/2024\/07\/header-why.webp 1920w, https:\/\/nomaddeskus.com\/wp-content\/uploads\/2024\/07\/header-why-300x200.webp 300w, https:\/\/nomaddeskus.com\/wp-content\/uploads\/2024\/07\/header-why-1024x683.webp 1024w, https:\/\/nomaddeskus.com\/wp-content\/uploads\/2024\/07\/header-why-768x512.webp 768w, https:\/\/nomaddeskus.com\/wp-content\/uploads\/2024\/07\/header-why-1536x1024.webp 1536w, https:\/\/nomaddeskus.com\/wp-content\/uploads\/2024\/07\/header-why-980x653.webp 980w\" sizes=\"auto, (max-width: 1920px) 100vw, 1920px\" \/><span aria-hidden=\"true\" class=\"wp-block-cover__background has-black-background-color has-background-dim-40 has-background-dim\"><\/span><div class=\"wp-block-cover__inner-container is-layout-flow wp-block-cover-is-layout-flow\">\n<div class=\"wp-block-group alignwide obb-content is-layout-constrained wp-container-core-group-is-layout-254f1302 wp-block-group-is-layout-constrained\" style=\"padding-top:0;padding-right:0;padding-bottom:0;padding-left:0\">\n<div class=\"wp-block-group alignwide is-layout-flow wp-block-group-is-layout-flow\">\n<div style=\"height:120px\" aria-hidden=\"true\" class=\"wp-block-spacer\"><\/div>\n\n\n\n<h1 class=\"wp-block-heading has-text-align-center has-white-color has-text-color\" id=\"the-future-of-wordpress-is-here\" style=\"font-style:normal;font-weight:300\"><strong>CARRERAS<\/strong><\/h1>\n\n\n\n<p class=\"has-text-align-center has-white-color has-text-color has-medium-large-font-size\"><strong>EN NOMAD DESK US CREEMOS QUE NUESTRO MAYOR ACTIVO ES NUESTRA GENTE. SIEMPRE ESTAMOS BUSCANDO PERSONAS APASIONADAS Y MOTIVADAS QUE EST\u00c9N DISPUESTAS A MARCAR LA DIFERENCIA. COMO EMPRESA L\u00cdDER EN BPO NEARSHORE, OFRECEMOS UN ENTORNO LABORAL DIN\u00c1MICO DONDE LA INNOVACI\u00d3N PROSPERA Y EL TRABAJO EN EQUIPO ES CLAVE.<\/strong><\/p>\n\n\n\n<div class=\"wp-block-buttons is-horizontal is-content-justification-left is-layout-flex wp-container-core-buttons-is-layout-20be11b6 wp-block-buttons-is-layout-flex\"><\/div>\n\n\n\n<div style=\"height:120px\" aria-hidden=\"true\" class=\"wp-block-spacer\"><\/div>\n<\/div>\n<\/div>\n<\/div><\/div>\n\n\n\n<div class=\"wp-block-group alignwide is-layout-constrained wp-block-group-is-layout-constrained\">\n<div class=\"wp-block-group alignwide animate__fadeIn has-bg-dark-background-color has-background is-layout-constrained wp-container-core-group-is-layout-254f1302 wp-block-group-is-layout-constrained\" style=\"border-radius:12px;padding-top:0;padding-right:0;padding-bottom:0;padding-left:0\">\n<div class=\"wp-block-columns alignwide are-vertically-aligned-center is-layout-flex wp-container-core-columns-is-layout-53a08ade wp-block-columns-is-layout-flex\" style=\"margin-top:var(--wp--preset--spacing--80);margin-bottom:var(--wp--preset--spacing--80);padding-top:48px;padding-right:48px;padding-bottom:48px;padding-left:48px\">\n<div class=\"wp-block-column is-vertically-aligned-center is-layout-flow wp-block-column-is-layout-flow\" style=\"flex-basis:70%\">\n<p class=\"has-text-align-left has-white-color has-text-color\"><strong>CUANDO TE UNES A NUESTRO EQUIPO, FORMAS PARTE DE UNA COMUNIDAD DEDICADA A LA EXCELENCIA EN EL SERVICIO AL CLIENTE, LA ENTRADA DE DATOS Y LOS PROCESOS IMPULSADOS POR IA. VALORAMOS LA CREATIVIDAD, LA COLABORACI\u00d3N Y EL COMPROMISO DE BRINDAR UN SERVICIO DE PRIMERA CLASE A NUESTROS CLIENTES EN EL SECTOR DE FQHC.<\/strong><\/p>\n<\/div>\n\n\n\n<div class=\"wp-block-column is-vertically-aligned-center is-layout-flow wp-block-column-is-layout-flow\" style=\"flex-basis:30%\">\n<div class=\"wp-block-buttons is-horizontal is-content-justification-right is-layout-flex wp-container-core-buttons-is-layout-ff149477 wp-block-buttons-is-layout-flex\"><\/div>\n<\/div>\n<\/div>\n<\/div>\n<\/div>\n\n\n\n<div class=\"wp-block-media-text alignfull has-media-on-the-right is-stacked-on-mobile is-vertically-aligned-center is-image-fill-element has-bg-light-background-color has-background\"><div class=\"wp-block-media-text__content\">\n<div class=\"wp-block-group is-layout-constrained wp-container-core-group-is-layout-0e39ab40 wp-block-group-is-layout-constrained\">\n<div style=\"height:120px\" aria-hidden=\"true\" class=\"wp-block-spacer\"><\/div>\n\n\n\n<div class=\"wp-block-group animate__fadeInLeft is-layout-constrained wp-block-group-is-layout-constrained\">\n<h3 class=\"wp-block-heading has-text-align-left\" id=\"totally-customizable\" style=\"font-weight:300;line-height:1\"><strong>\u00bfPOR QU\u00c9 TRABAJAR CON NOSOTROS?<\/strong><\/h3>\n\n\n\n<p>\u25cf <strong>OPORTUNIDADES DE CRECIMIENTO: OFRECEMOS UNA GAMA DE TRAYECTORIA PROFESIONAL Y PROGRAMAS DE DESARROLLO PARA AYUDARTE A ALCANZAR TU M\u00c1XIMO POTENCIAL.<\/strong><\/p>\n\n\n\n<p>\u25cf <strong>ENTORNO INNOVADOR: EXPERIMENTA LO \u00daLTIMO EN TECNOLOG\u00cdA DE IA Y SOLUCIONES INNOVADORAS MIENTRAS TRABAJAS CON UN EQUIPO DIVERSO.<\/strong><\/p>\n\n\n\n<p><strong>\u25cf CULTURA CENTRADA EN EL EMPLEADO: PRIORIZAMOS EL BIENESTAR Y EL DESARROLLO PROFESIONAL DE NUESTROS COLABORADORES.<\/strong><\/p>\n\n\n\n<p><strong>\u25cf INCLUSIVO Y DIVERSO: \u00daNETE A UN EQUIPO QUE ABRAZA LA DIVERSIDAD Y LA INCLUSI\u00d3N EN TODO LO QUE HACEMOS.<\/strong><\/p>\n<\/div>\n\n\n\n<div style=\"height:120px\" aria-hidden=\"true\" class=\"wp-block-spacer\"><\/div>\n<\/div>\n<\/div><figure class=\"wp-block-media-text__media\"><img loading=\"lazy\" decoding=\"async\" width=\"1024\" height=\"683\" src=\"https:\/\/nomaddeskus.com\/wp-content\/uploads\/2024\/07\/WWWU-1024x683.webp\" alt=\"\" class=\"wp-image-8068 size-full\" style=\"object-position:50% 50%\" srcset=\"https:\/\/nomaddeskus.com\/wp-content\/uploads\/2024\/07\/WWWU-1024x683.webp 1024w, https:\/\/nomaddeskus.com\/wp-content\/uploads\/2024\/07\/WWWU-300x200.webp 300w, https:\/\/nomaddeskus.com\/wp-content\/uploads\/2024\/07\/WWWU-768x512.webp 768w, https:\/\/nomaddeskus.com\/wp-content\/uploads\/2024\/07\/WWWU-1536x1024.webp 1536w, https:\/\/nomaddeskus.com\/wp-content\/uploads\/2024\/07\/WWWU-980x653.webp 980w, https:\/\/nomaddeskus.com\/wp-content\/uploads\/2024\/07\/WWWU.webp 1920w\" sizes=\"auto, (max-width: 1024px) 100vw, 1024px\" \/><\/figure><\/div>\n\n\n\n<div class=\"wp-block-cover alignfull has-parallax\" style=\"border-style:none;border-width:0px;border-radius:0px;margin-top:0;margin-bottom:0;padding-top:0;padding-bottom:0;min-height:800px;aspect-ratio:unset;\"><div class=\"wp-block-cover__image-background wp-image-7793 has-parallax\" style=\"background-position:50% 50%;background-image:url(https:\/\/nomaddeskus.com\/wp-content\/uploads\/2020\/02\/downtown-office-01.jpg)\"><\/div><span aria-hidden=\"true\" class=\"wp-block-cover__background has-black-background-color has-background-dim-30 has-background-dim\"><\/span><div class=\"wp-block-cover__inner-container is-layout-flow wp-block-cover-is-layout-flow\">\n<div class=\"wp-block-columns alignfull are-vertically-aligned-center is-not-stacked-on-mobile is-layout-flex wp-container-core-columns-is-layout-12af38aa wp-block-columns-is-layout-flex\" style=\"margin-top:0;margin-bottom:0;padding-top:0;padding-right:0px;padding-bottom:0;padding-left:84px\">\n<div class=\"wp-block-column is-vertically-aligned-center is-layout-constrained wp-container-core-column-is-layout-7db9d80f wp-block-column-is-layout-constrained\" style=\"padding-right:0;padding-left:0;flex-basis:49%\">\n<h2 class=\"wp-block-heading has-white-color has-text-color has-link-color wp-elements-1e0f1716d98a2427811272a745e8a49b\">Si est\u00e1s listo para llevar tu carrera al siguiente nivel, queremos saber de ti. Presenta tu solicitud hoy y forma parte de la familia Nomad Desk US. Juntos, creemos un futuro m\u00e1s brillante para los servicios de FQHC y m\u00e1s all\u00e1.<\/h2>\n<\/div>\n\n\n\n<div class=\"wp-block-column is-vertically-aligned-center is-content-justification-right is-layout-constrained wp-container-core-column-is-layout-5c12a1d1 wp-block-column-is-layout-constrained\" style=\"border-style:none;border-width:0px;flex-basis:32%\"><div class=\"wp-block-jetpack-contact-form is-style-outlined wp-elements-473c158daf0a993d62020c4fb0d5c69d\"><a href=\"https:\/\/nomaddeskus.com\/es\/careers-2\/\" target=\"_blank\" rel=\"noopener noreferrer\">Env\u00eda un formulario.<\/a><\/div><\/div>\n<\/div>\n<\/div><\/div>","protected":false},"excerpt":{"rendered":"<p>CUANDO TE UNES A NUESTRO EQUIPO, FORMAS PARTE DE UNA COMUNIDAD DEDICADA A LA EXCELENCIA EN EL SERVICIO AL CLIENTE, LA ENTRADA DE DATOS Y LOS PROCESOS IMPULSADOS POR IA. VALORAMOS LA CREATIVIDAD, LA COLABORACI\u00d3N Y EL COMPROMISO DE BRINDAR UN SERVICIO DE PRIMERA CLASE A NUESTROS CLIENTES EN EL SECTOR DE FQHC.<\/p>","protected":false},"author":5,"featured_media":0,"parent":0,"menu_order":0,"comment_status":"closed","ping_status":"closed","template":"template-blank","meta":{"footnotes":""},"class_list":["post-8064","page","type-page","status-publish","hentry"],"jetpack_sharing_enabled":true,"_links":{"self":[{"href":"https:\/\/nomaddeskus.com\/es\/wp-json\/wp\/v2\/pages\/8064","targetHints":{"allow":["GET"]}}],"collection":[{"href":"https:\/\/nomaddeskus.com\/es\/wp-json\/wp\/v2\/pages"}],"about":[{"href":"https:\/\/nomaddeskus.com\/es\/wp-json\/wp\/v2\/types\/page"}],"author":[{"embeddable":true,"href":"https:\/\/nomaddeskus.com\/es\/wp-json\/wp\/v2\/users\/5"}],"replies":[{"embeddable":true,"href":"https:\/\/nomaddeskus.com\/es\/wp-json\/wp\/v2\/comments?post=8064"}],"version-history":[{"count":53,"href":"https:\/\/nomaddeskus.com\/es\/wp-json\/wp\/v2\/pages\/8064\/revisions"}],"predecessor-version":[{"id":10649,"href":"https:\/\/nomaddeskus.com\/es\/wp-json\/wp\/v2\/pages\/8064\/revisions\/10649"}],"wp:attachment":[{"href":"https:\/\/nomaddeskus.com\/es\/wp-json\/wp\/v2\/media?parent=8064"}],"curies":[{"name":"wp","href":"https:\/\/api.w.org\/{rel}","templated":true}]}}