{"id":8149,"date":"2024-07-22T02:26:26","date_gmt":"2024-07-22T09:26:26","guid":{"rendered":"https:\/\/nomaddeskus.com\/?page_id=8149"},"modified":"2024-08-11T19:36:58","modified_gmt":"2024-08-12T02:36:58","slug":"fabian-torres","status":"publish","type":"page","link":"https:\/\/nomaddeskus.com\/es\/fabian-torres\/","title":{"rendered":"Fabian Torres"},"content":{"rendered":"<div class=\"wp-block-group is-layout-constrained wp-block-group-is-layout-constrained\">\n<div style=\"height:100px\" aria-hidden=\"true\" class=\"wp-block-spacer\"><\/div>\n\n\n\n<figure class=\"wp-block-image aligncenter size-medium is-style-rounded\"><img loading=\"lazy\" decoding=\"async\" width=\"300\" height=\"300\" src=\"https:\/\/nomaddeskus.com\/wp-content\/uploads\/2024\/08\/Team-pictures-N-Fabian-T-300x300.webp\" alt=\"\" class=\"wp-image-8441\" srcset=\"https:\/\/nomaddeskus.com\/wp-content\/uploads\/2024\/08\/Team-pictures-N-Fabian-T-300x300.webp 300w, https:\/\/nomaddeskus.com\/wp-content\/uploads\/2024\/08\/Team-pictures-N-Fabian-T-150x150.webp 150w, https:\/\/nomaddeskus.com\/wp-content\/uploads\/2024\/08\/Team-pictures-N-Fabian-T-768x768.webp 768w, https:\/\/nomaddeskus.com\/wp-content\/uploads\/2024\/08\/Team-pictures-N-Fabian-T.webp 828w\" sizes=\"auto, (max-width: 300px) 100vw, 300px\" \/><\/figure>\n\n\n\n<h2 class=\"wp-block-heading has-text-align-center\">Fabian Torres<\/h2>\n\n\n\n<p>Soy Fabi\u00e1n Torres, el din\u00e1mico director ejecutivo de NomadDeskUs.com, un proveedor l\u00edder de soluciones de atenci\u00f3n al cliente. Con m\u00e1s de 15 a\u00f1os de experiencia en la industria tecnol\u00f3gica, tengo un historial comprobado de impulsar la innovaci\u00f3n y el crecimiento. Bajo mi liderazgo, NomadDeskUs.com ha revolucionado la forma en que operan las empresas, ofreciendo servicios de vanguardia que permiten a los equipos trabajar de manera eficiente desde cualquier lugar. Me apasiona fomentar una cultura de flexibilidad y productividad, lo que me convierte en una voz respetada en el mundo del trabajo remoto.<\/p>\n\n\n\n<div class=\"wp-block-buttons is-layout-flex wp-block-buttons-is-layout-flex\">\n<div class=\"wp-block-button\"><a class=\"wp-block-button__link wp-element-button\" href=\"https:\/\/nomaddeskus.com\/es\/why-nomad-desk\/#nomadteam\">VOLVER<\/a><\/div>\n<\/div>\n\n\n\n<div style=\"height:100px\" aria-hidden=\"true\" class=\"wp-block-spacer\"><\/div>\n<\/div>","protected":false},"excerpt":{"rendered":"<p>Fabian Torres I am Fabian Torres, the dynamic CEO of NomadDeskUs.com, a leading provider of customer support solutions. With over 15 years of experience in the tech industry, I have a proven track record of driving innovation and growth. Under my leadership, NomadDeskUs.com has revolutionized the way businesses operate, offering cutting-edge services that empower teams [&hellip;]<\/p>","protected":false},"author":5,"featured_media":0,"parent":0,"menu_order":0,"comment_status":"closed","ping_status":"closed","template":"template-blank","meta":{"footnotes":""},"class_list":["post-8149","page","type-page","status-publish","hentry"],"jetpack_sharing_enabled":true,"_links":{"self":[{"href":"https:\/\/nomaddeskus.com\/es\/wp-json\/wp\/v2\/pages\/8149","targetHints":{"allow":["GET"]}}],"collection":[{"href":"https:\/\/nomaddeskus.com\/es\/wp-json\/wp\/v2\/pages"}],"about":[{"href":"https:\/\/nomaddeskus.com\/es\/wp-json\/wp\/v2\/types\/page"}],"author":[{"embeddable":true,"href":"https:\/\/nomaddeskus.com\/es\/wp-json\/wp\/v2\/users\/5"}],"replies":[{"embeddable":true,"href":"https:\/\/nomaddeskus.com\/es\/wp-json\/wp\/v2\/comments?post=8149"}],"version-history":[{"count":13,"href":"https:\/\/nomaddeskus.com\/es\/wp-json\/wp\/v2\/pages\/8149\/revisions"}],"predecessor-version":[{"id":8457,"href":"https:\/\/nomaddeskus.com\/es\/wp-json\/wp\/v2\/pages\/8149\/revisions\/8457"}],"wp:attachment":[{"href":"https:\/\/nomaddeskus.com\/es\/wp-json\/wp\/v2\/media?parent=8149"}],"curies":[{"name":"wp","href":"https:\/\/api.w.org\/{rel}","templated":true}]}}