{"id":8160,"date":"2024-07-22T02:33:38","date_gmt":"2024-07-22T09:33:38","guid":{"rendered":"https:\/\/nomaddeskus.com\/?page_id=8160"},"modified":"2024-08-11T19:37:24","modified_gmt":"2024-08-12T02:37:24","slug":"yumel-espino","status":"publish","type":"page","link":"https:\/\/nomaddeskus.com\/es\/yumel-espino\/","title":{"rendered":"Yumel Espino"},"content":{"rendered":"<h6 class=\"wp-block-heading\" id=\"customizable\"><\/h6>\n\n\n\n<div class=\"wp-block-group is-layout-constrained wp-block-group-is-layout-constrained\">\n<div style=\"height:100px\" aria-hidden=\"true\" class=\"wp-block-spacer\"><\/div>\n\n\n\n<figure class=\"wp-block-image aligncenter size-medium is-style-rounded\"><img loading=\"lazy\" decoding=\"async\" width=\"300\" height=\"300\" src=\"https:\/\/nomaddeskus.com\/wp-content\/uploads\/2024\/08\/Team-pictures-N-Yumel-E-300x300.webp\" alt=\"\" class=\"wp-image-8444\" srcset=\"https:\/\/nomaddeskus.com\/wp-content\/uploads\/2024\/08\/Team-pictures-N-Yumel-E-300x300.webp 300w, https:\/\/nomaddeskus.com\/wp-content\/uploads\/2024\/08\/Team-pictures-N-Yumel-E-150x150.webp 150w, https:\/\/nomaddeskus.com\/wp-content\/uploads\/2024\/08\/Team-pictures-N-Yumel-E-768x768.webp 768w, https:\/\/nomaddeskus.com\/wp-content\/uploads\/2024\/08\/Team-pictures-N-Yumel-E.webp 828w\" sizes=\"auto, (max-width: 300px) 100vw, 300px\" \/><\/figure>\n\n\n\n<h2 class=\"wp-block-heading has-text-align-center\">Yumel Espino<\/h2>\n\n\n\n<p>Mi nombre es Yumel Espino, tengo 25 a\u00f1os y estoy encantada de formar parte del equipo de Nomaddesk. Con casi tres a\u00f1os de experiencia aqu\u00ed, puedo decir con seguridad que he encontrado mi hogar profesional. Como directora de campa\u00f1a a cargo de dos campa\u00f1as para una cl\u00ednica comunitaria, aporto entusiasmo y dedicaci\u00f3n a cada tarea.<\/p>\n\n\n\n<p>Soy originaria de Culiac\u00e1n, Sinaloa, M\u00e9xico, y he adoptado la vibrante cultura y el esp\u00edritu de innovaci\u00f3n que define a nuestra empresa. En Nomaddesk, he tenido el privilegio de trabajar junto a colegas talentosos y l\u00edderes inspiradores que fomentan continuamente un entorno de crecimiento y colaboraci\u00f3n.<\/p>\n\n\n\n<p>Lo que m\u00e1s me gusta de mi puesto es la oportunidad de generar un impacto significativo. Ya sea brindando servicios de primer nivel a nuestros valiosos clientes o apoyando a nuestro equipo interno, me apasiona predicar con el ejemplo y darlo todo en todo lo que hago. Ayudar a los dem\u00e1s y contribuir a nuestro \u00e9xito colectivo es lo que me motiva cada d\u00eda.<\/p>\n\n\n\n<div class=\"wp-block-buttons is-layout-flex wp-block-buttons-is-layout-flex\">\n<div class=\"wp-block-button\"><a class=\"wp-block-button__link wp-element-button\" href=\"https:\/\/nomaddeskus.com\/es\/why-nomad-desk\/#nomadteam\">VOLVER<\/a><\/div>\n<\/div>\n\n\n\n<div style=\"height:100px\" aria-hidden=\"true\" class=\"wp-block-spacer\"><\/div>\n<\/div>","protected":false},"excerpt":{"rendered":"<p>Yumel Espino My name is Yumel Espino, I am 25 years old, and I&#8217;m thrilled to be a part of the Nomaddesk team. With almost three years under my belt here, I can confidently say that I&#8217;ve found my professional home. As a campaign manager overseeing two campaigns for a Community Clinic, I bring enthusiasm [&hellip;]<\/p>","protected":false},"author":5,"featured_media":0,"parent":0,"menu_order":0,"comment_status":"closed","ping_status":"closed","template":"template-blank","meta":{"footnotes":""},"class_list":["post-8160","page","type-page","status-publish","hentry"],"jetpack_sharing_enabled":true,"_links":{"self":[{"href":"https:\/\/nomaddeskus.com\/es\/wp-json\/wp\/v2\/pages\/8160","targetHints":{"allow":["GET"]}}],"collection":[{"href":"https:\/\/nomaddeskus.com\/es\/wp-json\/wp\/v2\/pages"}],"about":[{"href":"https:\/\/nomaddeskus.com\/es\/wp-json\/wp\/v2\/types\/page"}],"author":[{"embeddable":true,"href":"https:\/\/nomaddeskus.com\/es\/wp-json\/wp\/v2\/users\/5"}],"replies":[{"embeddable":true,"href":"https:\/\/nomaddeskus.com\/es\/wp-json\/wp\/v2\/comments?post=8160"}],"version-history":[{"count":3,"href":"https:\/\/nomaddeskus.com\/es\/wp-json\/wp\/v2\/pages\/8160\/revisions"}],"predecessor-version":[{"id":8459,"href":"https:\/\/nomaddeskus.com\/es\/wp-json\/wp\/v2\/pages\/8160\/revisions\/8459"}],"wp:attachment":[{"href":"https:\/\/nomaddeskus.com\/es\/wp-json\/wp\/v2\/media?parent=8160"}],"curies":[{"name":"wp","href":"https:\/\/api.w.org\/{rel}","templated":true}]}}