{"id":8163,"date":"2024-07-22T02:36:13","date_gmt":"2024-07-22T09:36:13","guid":{"rendered":"https:\/\/nomaddeskus.com\/?page_id=8163"},"modified":"2024-08-11T19:37:32","modified_gmt":"2024-08-12T02:37:32","slug":"alexa-aguirre","status":"publish","type":"page","link":"https:\/\/nomaddeskus.com\/es\/alexa-aguirre\/","title":{"rendered":"Alexa Aguirre"},"content":{"rendered":"<h6 class=\"wp-block-heading\" id=\"customizable\"><\/h6>\n\n\n\n<div class=\"wp-block-group is-layout-constrained wp-block-group-is-layout-constrained\">\n<div style=\"height:100px\" aria-hidden=\"true\" class=\"wp-block-spacer\"><\/div>\n\n\n\n<figure class=\"wp-block-image aligncenter size-medium is-style-rounded\"><img loading=\"lazy\" decoding=\"async\" width=\"300\" height=\"300\" src=\"https:\/\/nomaddeskus.com\/wp-content\/uploads\/2024\/08\/Team-pictures-N-Alexa-A-300x300.webp\" alt=\"\" class=\"wp-image-8445\" srcset=\"https:\/\/nomaddeskus.com\/wp-content\/uploads\/2024\/08\/Team-pictures-N-Alexa-A-300x300.webp 300w, https:\/\/nomaddeskus.com\/wp-content\/uploads\/2024\/08\/Team-pictures-N-Alexa-A-150x150.webp 150w, https:\/\/nomaddeskus.com\/wp-content\/uploads\/2024\/08\/Team-pictures-N-Alexa-A-768x768.webp 768w, https:\/\/nomaddeskus.com\/wp-content\/uploads\/2024\/08\/Team-pictures-N-Alexa-A.webp 828w\" sizes=\"auto, (max-width: 300px) 100vw, 300px\" \/><\/figure>\n\n\n\n<h2 class=\"wp-block-heading has-text-align-center\">Alexa Aguirre<\/h2>\n\n\n\n<p>Saludos! Mi nombre es Alexa Aguirre, soy de Culiac\u00e1n, Sinaloa. Llevo m\u00e1s de 4 a\u00f1os trabajando con Nomad Desk Group y actualmente me encuentro en el puesto de Especialista en Capacitaci\u00f3n. \u00a1Siempre me emociona seguir mejorando profesional y personalmente y reflejar eso en mi \u00e1rea!<\/p>\n\n\n\n<div class=\"wp-block-buttons is-layout-flex wp-block-buttons-is-layout-flex\">\n<div class=\"wp-block-button\"><a class=\"wp-block-button__link wp-element-button\" href=\"https:\/\/nomaddeskus.com\/es\/why-nomad-desk\/#nomadteam\">VOLVER<\/a><\/div>\n<\/div>\n\n\n\n<div style=\"height:100px\" aria-hidden=\"true\" class=\"wp-block-spacer\"><\/div>\n<\/div>","protected":false},"excerpt":{"rendered":"<p>Alexa Aguirre Greetings! My name is Alexa Aguirre, all the way from Culiacan, Sinaloa. I&#8217;ve been working with Nomad Desk Group for more than 4 years now and am currently positioned as a Training Specialist. I&#8217;m always thrilled to keep improving professionally and personally and reflect that in my area!<\/p>","protected":false},"author":5,"featured_media":0,"parent":0,"menu_order":0,"comment_status":"closed","ping_status":"closed","template":"template-blank","meta":{"footnotes":""},"class_list":["post-8163","page","type-page","status-publish","hentry"],"jetpack_sharing_enabled":true,"_links":{"self":[{"href":"https:\/\/nomaddeskus.com\/es\/wp-json\/wp\/v2\/pages\/8163","targetHints":{"allow":["GET"]}}],"collection":[{"href":"https:\/\/nomaddeskus.com\/es\/wp-json\/wp\/v2\/pages"}],"about":[{"href":"https:\/\/nomaddeskus.com\/es\/wp-json\/wp\/v2\/types\/page"}],"author":[{"embeddable":true,"href":"https:\/\/nomaddeskus.com\/es\/wp-json\/wp\/v2\/users\/5"}],"replies":[{"embeddable":true,"href":"https:\/\/nomaddeskus.com\/es\/wp-json\/wp\/v2\/comments?post=8163"}],"version-history":[{"count":3,"href":"https:\/\/nomaddeskus.com\/es\/wp-json\/wp\/v2\/pages\/8163\/revisions"}],"predecessor-version":[{"id":8460,"href":"https:\/\/nomaddeskus.com\/es\/wp-json\/wp\/v2\/pages\/8163\/revisions\/8460"}],"wp:attachment":[{"href":"https:\/\/nomaddeskus.com\/es\/wp-json\/wp\/v2\/media?parent=8163"}],"curies":[{"name":"wp","href":"https:\/\/api.w.org\/{rel}","templated":true}]}}