{"id":8165,"date":"2024-07-22T02:37:07","date_gmt":"2024-07-22T09:37:07","guid":{"rendered":"https:\/\/nomaddeskus.com\/?page_id=8165"},"modified":"2024-08-11T19:37:43","modified_gmt":"2024-08-12T02:37:43","slug":"jesus-gutierrez","status":"publish","type":"page","link":"https:\/\/nomaddeskus.com\/es\/jesus-gutierrez\/","title":{"rendered":"Jesus Gutierrez"},"content":{"rendered":"<p><\/p>\n\n\n\n<div class=\"wp-block-group is-layout-constrained wp-block-group-is-layout-constrained\">\n<div style=\"height:100px\" aria-hidden=\"true\" class=\"wp-block-spacer\"><\/div>\n\n\n\n<figure class=\"wp-block-image aligncenter size-medium is-style-rounded\"><img loading=\"lazy\" decoding=\"async\" width=\"300\" height=\"300\" src=\"https:\/\/nomaddeskus.com\/wp-content\/uploads\/2024\/08\/Team-pictures-N-Jesus-G-300x300.webp\" alt=\"\" class=\"wp-image-8443\" srcset=\"https:\/\/nomaddeskus.com\/wp-content\/uploads\/2024\/08\/Team-pictures-N-Jesus-G-300x300.webp 300w, https:\/\/nomaddeskus.com\/wp-content\/uploads\/2024\/08\/Team-pictures-N-Jesus-G-150x150.webp 150w, https:\/\/nomaddeskus.com\/wp-content\/uploads\/2024\/08\/Team-pictures-N-Jesus-G-768x768.webp 768w, https:\/\/nomaddeskus.com\/wp-content\/uploads\/2024\/08\/Team-pictures-N-Jesus-G.webp 828w\" sizes=\"auto, (max-width: 300px) 100vw, 300px\" \/><\/figure>\n\n\n\n<h2 class=\"wp-block-heading has-text-align-center\"><strong>Jesus Gutierrez<\/strong><\/h2>\n\n\n\n<p>Soy Jes\u00fas Guti\u00e9rrez, nac\u00ed y crec\u00ed en Culiac\u00e1n, Sinaloa, M\u00e9xico. He sido n\u00f3mada durante un poco m\u00e1s de 4 a\u00f1os y he desempe\u00f1ado diferentes funciones como agente, supervisor y ahora gerente de campa\u00f1a. Me encanta la comida asi\u00e1tica y jugar videojuegos. Siempre busco que los miembros de mi equipo se sientan lo m\u00e1s c\u00f3modos posible y realmente me encanta ver que la empresa crece cada mes.<\/p>\n\n\n\n<div class=\"wp-block-buttons is-layout-flex wp-block-buttons-is-layout-flex\">\n<div class=\"wp-block-button\"><a class=\"wp-block-button__link wp-element-button\" href=\"https:\/\/nomaddeskus.com\/es\/why-nomad-desk\/#nomadteam\">VOLVER<\/a><\/div>\n<\/div>\n\n\n\n<div style=\"height:100px\" aria-hidden=\"true\" class=\"wp-block-spacer\"><\/div>\n<\/div>","protected":false},"excerpt":{"rendered":"<p>Jesus Gutierrez I am Jesus Gutierrez, born and raised in Culiacan, Sinaloa, Mexico. I have been a nomad for a little over 4 years now, serving different roles as an Agent, Supervisor, and now a Campaign Manager. I love Asian food and playing video games. I am always looking forward to making my team members [&hellip;]<\/p>","protected":false},"author":5,"featured_media":0,"parent":0,"menu_order":0,"comment_status":"closed","ping_status":"closed","template":"template-blank","meta":{"footnotes":""},"class_list":["post-8165","page","type-page","status-publish","hentry"],"jetpack_sharing_enabled":true,"_links":{"self":[{"href":"https:\/\/nomaddeskus.com\/es\/wp-json\/wp\/v2\/pages\/8165","targetHints":{"allow":["GET"]}}],"collection":[{"href":"https:\/\/nomaddeskus.com\/es\/wp-json\/wp\/v2\/pages"}],"about":[{"href":"https:\/\/nomaddeskus.com\/es\/wp-json\/wp\/v2\/types\/page"}],"author":[{"embeddable":true,"href":"https:\/\/nomaddeskus.com\/es\/wp-json\/wp\/v2\/users\/5"}],"replies":[{"embeddable":true,"href":"https:\/\/nomaddeskus.com\/es\/wp-json\/wp\/v2\/comments?post=8165"}],"version-history":[{"count":3,"href":"https:\/\/nomaddeskus.com\/es\/wp-json\/wp\/v2\/pages\/8165\/revisions"}],"predecessor-version":[{"id":8461,"href":"https:\/\/nomaddeskus.com\/es\/wp-json\/wp\/v2\/pages\/8165\/revisions\/8461"}],"wp:attachment":[{"href":"https:\/\/nomaddeskus.com\/es\/wp-json\/wp\/v2\/media?parent=8165"}],"curies":[{"name":"wp","href":"https:\/\/api.w.org\/{rel}","templated":true}]}}