{"id":8167,"date":"2024-07-22T02:37:59","date_gmt":"2024-07-22T09:37:59","guid":{"rendered":"https:\/\/nomaddeskus.com\/?page_id=8167"},"modified":"2024-08-11T19:37:52","modified_gmt":"2024-08-12T02:37:52","slug":"minerva-diaz","status":"publish","type":"page","link":"https:\/\/nomaddeskus.com\/es\/minerva-diaz\/","title":{"rendered":"Minerva Diaz"},"content":{"rendered":"<p><\/p>\n\n\n\n<div class=\"wp-block-group is-layout-constrained wp-block-group-is-layout-constrained\">\n<div style=\"height:100px\" aria-hidden=\"true\" class=\"wp-block-spacer\"><\/div>\n\n\n\n<figure class=\"wp-block-image aligncenter size-medium is-style-rounded\"><img loading=\"lazy\" decoding=\"async\" width=\"300\" height=\"300\" src=\"https:\/\/nomaddeskus.com\/wp-content\/uploads\/2024\/08\/Team-pictures-N-Minerva-D-300x300.webp\" alt=\"\" class=\"wp-image-8442\" srcset=\"https:\/\/nomaddeskus.com\/wp-content\/uploads\/2024\/08\/Team-pictures-N-Minerva-D-300x300.webp 300w, https:\/\/nomaddeskus.com\/wp-content\/uploads\/2024\/08\/Team-pictures-N-Minerva-D-150x150.webp 150w, https:\/\/nomaddeskus.com\/wp-content\/uploads\/2024\/08\/Team-pictures-N-Minerva-D-768x768.webp 768w, https:\/\/nomaddeskus.com\/wp-content\/uploads\/2024\/08\/Team-pictures-N-Minerva-D.webp 828w\" sizes=\"auto, (max-width: 300px) 100vw, 300px\" \/><\/figure>\n\n\n\n<h2 class=\"wp-block-heading has-text-align-center\"><strong>Minerva Diaz<\/strong><\/h2>\n\n\n\n<p>Hola, soy Minerva D\u00edaz. Nac\u00ed y crec\u00ed en Culiac\u00e1n, Sinaloa. Trabajo aqu\u00ed en Nomad desde enero de 2019. Comenc\u00e9 como Supervisora \u200b\u200bde Campa\u00f1a de Cl\u00ednica Comunitaria y ahora soy Directora de Operaciones del \u00e1rea de servicio al cliente. Nomad Desk significa mucho para m\u00ed, ya que me ha permitido crecer profesional y personalmente y me ha permitido conocer y trabajar con grandes personas.<\/p>\n\n\n\n<div class=\"wp-block-buttons is-layout-flex wp-block-buttons-is-layout-flex\">\n<div class=\"wp-block-button\"><a class=\"wp-block-button__link wp-element-button\" href=\"https:\/\/nomaddeskus.com\/es\/why-nomad-desk\/#nomadteam\">VOLVER<\/a><\/div>\n<\/div>\n\n\n\n<div style=\"height:100px\" aria-hidden=\"true\" class=\"wp-block-spacer\"><\/div>\n<\/div>","protected":false},"excerpt":{"rendered":"<p>Minerva Diaz Hi, I am Minerva Diaz. Born and raised in Culiacan, Sinaloa. I have been working here at Nomad since January 2019. I started as a Community Clinic Campaign Supervisor, and now I am the Director of Operations for the customer service area. Nomad Desk means a lot to me since it has allowed [&hellip;]<\/p>","protected":false},"author":5,"featured_media":0,"parent":0,"menu_order":0,"comment_status":"closed","ping_status":"closed","template":"template-blank","meta":{"footnotes":""},"class_list":["post-8167","page","type-page","status-publish","hentry"],"jetpack_sharing_enabled":true,"_links":{"self":[{"href":"https:\/\/nomaddeskus.com\/es\/wp-json\/wp\/v2\/pages\/8167","targetHints":{"allow":["GET"]}}],"collection":[{"href":"https:\/\/nomaddeskus.com\/es\/wp-json\/wp\/v2\/pages"}],"about":[{"href":"https:\/\/nomaddeskus.com\/es\/wp-json\/wp\/v2\/types\/page"}],"author":[{"embeddable":true,"href":"https:\/\/nomaddeskus.com\/es\/wp-json\/wp\/v2\/users\/5"}],"replies":[{"embeddable":true,"href":"https:\/\/nomaddeskus.com\/es\/wp-json\/wp\/v2\/comments?post=8167"}],"version-history":[{"count":3,"href":"https:\/\/nomaddeskus.com\/es\/wp-json\/wp\/v2\/pages\/8167\/revisions"}],"predecessor-version":[{"id":8462,"href":"https:\/\/nomaddeskus.com\/es\/wp-json\/wp\/v2\/pages\/8167\/revisions\/8462"}],"wp:attachment":[{"href":"https:\/\/nomaddeskus.com\/es\/wp-json\/wp\/v2\/media?parent=8167"}],"curies":[{"name":"wp","href":"https:\/\/api.w.org\/{rel}","templated":true}]}}