{"id":8169,"date":"2024-07-22T02:39:02","date_gmt":"2024-07-22T09:39:02","guid":{"rendered":"https:\/\/nomaddeskus.com\/?page_id=8169"},"modified":"2024-08-11T19:38:01","modified_gmt":"2024-08-12T02:38:01","slug":"luis-velarde","status":"publish","type":"page","link":"https:\/\/nomaddeskus.com\/es\/luis-velarde\/","title":{"rendered":"Luis Velarde"},"content":{"rendered":"<p><\/p>\n\n\n\n<div class=\"wp-block-group is-layout-constrained wp-block-group-is-layout-constrained\">\n<div style=\"height:100px\" aria-hidden=\"true\" class=\"wp-block-spacer\"><\/div>\n\n\n\n<figure class=\"wp-block-image aligncenter size-medium is-style-rounded\"><img loading=\"lazy\" decoding=\"async\" width=\"300\" height=\"300\" src=\"https:\/\/nomaddeskus.com\/wp-content\/uploads\/2024\/08\/Team-pictures-N-Luis-V-300x300.webp\" alt=\"\" class=\"wp-image-8447\" srcset=\"https:\/\/nomaddeskus.com\/wp-content\/uploads\/2024\/08\/Team-pictures-N-Luis-V-300x300.webp 300w, https:\/\/nomaddeskus.com\/wp-content\/uploads\/2024\/08\/Team-pictures-N-Luis-V-150x150.webp 150w, https:\/\/nomaddeskus.com\/wp-content\/uploads\/2024\/08\/Team-pictures-N-Luis-V-768x768.webp 768w, https:\/\/nomaddeskus.com\/wp-content\/uploads\/2024\/08\/Team-pictures-N-Luis-V.webp 828w\" sizes=\"auto, (max-width: 300px) 100vw, 300px\" \/><\/figure>\n\n\n\n<h2 class=\"wp-block-heading has-text-align-center\"><strong>Luis Velarde<\/strong><\/h2>\n\n\n\n<p>Hola, soy Luis Velarde y actualmente soy el Gerente de Cuentas de la Divisi\u00f3n de Viviendas N\u00f3madas en Nomad Desk Group. Vivo en Los Mochis, Sinaloa y siempre estoy en busca de nuevos y emocionantes desaf\u00edos. Mi lema: \u201c\u00a1Siempre hay un camino!\u201d<\/p>\n\n\n\n<div class=\"wp-block-buttons is-layout-flex wp-block-buttons-is-layout-flex\">\n<div class=\"wp-block-button\"><a class=\"wp-block-button__link wp-element-button\" href=\"https:\/\/nomaddeskus.com\/es\/why-nomad-desk\/#nomadteam\">VOLVER<\/a><\/div>\n<\/div>\n\n\n\n<div style=\"height:100px\" aria-hidden=\"true\" class=\"wp-block-spacer\"><\/div>\n<\/div>","protected":false},"excerpt":{"rendered":"<p>Luis Velarde Hello, this is Luis Velarde and I&#8217;m currently the Account Manager for the Nomad Dwelling Division at Nomad Desk Group. I live in Los Mochis, Sinaloa and I&#8217;m always on the lookout for new and exciting challenges! My motto: &#8220;There&#8217;s always a way!&#8221;<\/p>","protected":false},"author":5,"featured_media":0,"parent":0,"menu_order":0,"comment_status":"closed","ping_status":"closed","template":"template-blank","meta":{"footnotes":""},"class_list":["post-8169","page","type-page","status-publish","hentry"],"jetpack_sharing_enabled":true,"_links":{"self":[{"href":"https:\/\/nomaddeskus.com\/es\/wp-json\/wp\/v2\/pages\/8169","targetHints":{"allow":["GET"]}}],"collection":[{"href":"https:\/\/nomaddeskus.com\/es\/wp-json\/wp\/v2\/pages"}],"about":[{"href":"https:\/\/nomaddeskus.com\/es\/wp-json\/wp\/v2\/types\/page"}],"author":[{"embeddable":true,"href":"https:\/\/nomaddeskus.com\/es\/wp-json\/wp\/v2\/users\/5"}],"replies":[{"embeddable":true,"href":"https:\/\/nomaddeskus.com\/es\/wp-json\/wp\/v2\/comments?post=8169"}],"version-history":[{"count":3,"href":"https:\/\/nomaddeskus.com\/es\/wp-json\/wp\/v2\/pages\/8169\/revisions"}],"predecessor-version":[{"id":8463,"href":"https:\/\/nomaddeskus.com\/es\/wp-json\/wp\/v2\/pages\/8169\/revisions\/8463"}],"wp:attachment":[{"href":"https:\/\/nomaddeskus.com\/es\/wp-json\/wp\/v2\/media?parent=8169"}],"curies":[{"name":"wp","href":"https:\/\/api.w.org\/{rel}","templated":true}]}}