{"id":8171,"date":"2024-07-22T02:41:01","date_gmt":"2024-07-22T09:41:01","guid":{"rendered":"https:\/\/nomaddeskus.com\/?page_id=8171"},"modified":"2024-08-11T19:38:11","modified_gmt":"2024-08-12T02:38:11","slug":"bruno-betancourt","status":"publish","type":"page","link":"https:\/\/nomaddeskus.com\/es\/bruno-betancourt\/","title":{"rendered":"Bruno Betancourt"},"content":{"rendered":"<div class=\"wp-block-group is-layout-constrained wp-block-group-is-layout-constrained\">\n<div style=\"height:100px\" aria-hidden=\"true\" class=\"wp-block-spacer\"><\/div>\n\n\n\n<figure class=\"wp-block-image aligncenter size-medium is-style-rounded\"><img loading=\"lazy\" decoding=\"async\" width=\"300\" height=\"300\" src=\"https:\/\/nomaddeskus.com\/wp-content\/uploads\/2024\/08\/Team-pictures-N-Bruno-B-300x300.webp\" alt=\"\" class=\"wp-image-8446\" srcset=\"https:\/\/nomaddeskus.com\/wp-content\/uploads\/2024\/08\/Team-pictures-N-Bruno-B-300x300.webp 300w, https:\/\/nomaddeskus.com\/wp-content\/uploads\/2024\/08\/Team-pictures-N-Bruno-B-150x150.webp 150w, https:\/\/nomaddeskus.com\/wp-content\/uploads\/2024\/08\/Team-pictures-N-Bruno-B-768x768.webp 768w, https:\/\/nomaddeskus.com\/wp-content\/uploads\/2024\/08\/Team-pictures-N-Bruno-B.webp 828w\" sizes=\"auto, (max-width: 300px) 100vw, 300px\" \/><\/figure>\n\n\n\n<h2 class=\"wp-block-heading has-text-align-center\">Bruno Betancourt<\/h2>\n\n\n\n<p>\u00a1Hola! Soy Bruno Betancourt, Gerente de Marketing de Nomad Desk. Llevo dos a\u00f1os en este puesto y ha sido una experiencia incre\u00edble. Me encanta la creatividad, la pasi\u00f3n y el uso de datos. Creo en el poder de combinar ideas innovadoras con datos s\u00f3lidos para crear estrategias de marketing que realmente tengan impacto. Ya sea que se trate de generar nuevas campa\u00f1as o de profundizar en el an\u00e1lisis, mi objetivo es generar un impacto y generar resultados.<\/p>\n\n\n\n<div class=\"wp-block-buttons is-layout-flex wp-block-buttons-is-layout-flex\">\n<div class=\"wp-block-button\"><a class=\"wp-block-button__link wp-element-button\" href=\"https:\/\/nomaddeskus.com\/es\/why-nomad-desk\/#nomadteam\">VOLVER<\/a><\/div>\n<\/div>\n\n\n\n<div style=\"height:100px\" aria-hidden=\"true\" class=\"wp-block-spacer\"><\/div>\n<\/div>","protected":false},"excerpt":{"rendered":"<p>Bruno Betancourt Hey there! I&#8217;m Bruno Betancourt, the Marketing Manager at Nomad Desk. I&#8217;ve been rocking this role for two years now, and it&#8217;s been an incredible journey. I thrive on creativity, passion, and being data-driven. I believe in the power of blending innovative ideas with solid data to craft marketing strategies that truly resonate. [&hellip;]<\/p>","protected":false},"author":5,"featured_media":0,"parent":0,"menu_order":0,"comment_status":"closed","ping_status":"closed","template":"template-blank","meta":{"footnotes":""},"class_list":["post-8171","page","type-page","status-publish","hentry"],"jetpack_sharing_enabled":true,"_links":{"self":[{"href":"https:\/\/nomaddeskus.com\/es\/wp-json\/wp\/v2\/pages\/8171","targetHints":{"allow":["GET"]}}],"collection":[{"href":"https:\/\/nomaddeskus.com\/es\/wp-json\/wp\/v2\/pages"}],"about":[{"href":"https:\/\/nomaddeskus.com\/es\/wp-json\/wp\/v2\/types\/page"}],"author":[{"embeddable":true,"href":"https:\/\/nomaddeskus.com\/es\/wp-json\/wp\/v2\/users\/5"}],"replies":[{"embeddable":true,"href":"https:\/\/nomaddeskus.com\/es\/wp-json\/wp\/v2\/comments?post=8171"}],"version-history":[{"count":4,"href":"https:\/\/nomaddeskus.com\/es\/wp-json\/wp\/v2\/pages\/8171\/revisions"}],"predecessor-version":[{"id":8464,"href":"https:\/\/nomaddeskus.com\/es\/wp-json\/wp\/v2\/pages\/8171\/revisions\/8464"}],"wp:attachment":[{"href":"https:\/\/nomaddeskus.com\/es\/wp-json\/wp\/v2\/media?parent=8171"}],"curies":[{"name":"wp","href":"https:\/\/api.w.org\/{rel}","templated":true}]}}