{"id":8354,"date":"2024-07-23T23:27:32","date_gmt":"2024-07-24T06:27:32","guid":{"rendered":"https:\/\/nomaddeskus.com\/?page_id=8354"},"modified":"2025-10-30T12:32:56","modified_gmt":"2025-10-30T19:32:56","slug":"industries-ecommerce-2","status":"publish","type":"page","link":"https:\/\/nomaddeskus.com\/es\/industries-ecommerce-2\/","title":{"rendered":"Industrias: Comercio electr\u00f3nico"},"content":{"rendered":"<div class=\"wp-block-group alignfull is-layout-constrained wp-block-group-is-layout-constrained\">\n<div class=\"wp-block-media-text alignfull has-media-on-the-right is-stacked-on-mobile is-vertically-aligned-center is-image-fill-element has-bg-light-background-color has-background\"><div class=\"wp-block-media-text__content\">\n<div class=\"wp-block-group is-layout-constrained wp-container-core-group-is-layout-0e39ab40 wp-block-group-is-layout-constrained\">\n<div style=\"height:120px\" aria-hidden=\"true\" class=\"wp-block-spacer\"><\/div>\n\n\n\n<div style=\"height:120px\" aria-hidden=\"true\" class=\"wp-block-spacer\"><\/div>\n\n\n\n<h3 class=\"wp-block-heading has-medium-font-size\" id=\"wordpress-websites-just-got-so-much-easier-with-stax\" style=\"font-weight:400;line-height:1.4\"><strong>INDUSTRIAS<\/strong><\/h3>\n\n\n\n<div class=\"wp-block-group animate__fadeInLeft is-layout-constrained wp-block-group-is-layout-constrained\">\n<h1 class=\"wp-block-heading has-text-align-left has-huge-font-size\" id=\"totally-customizable\" style=\"font-weight:300;line-height:1\"><strong>Comercio Electr\u00f3nico<\/strong><\/h1>\n\n\n\n<p class=\"has-medium-font-size\">Aumentar sus ventas en la red mundial. En la era digital, una fuerte presencia en l\u00ednea es el factor m\u00e1s importante para el \u00e9xito de cualquier negocio o cl\u00ednica. Por otro lado, una buena atenci\u00f3n al cliente es lo que diferencia a las p\u00e1ginas de comercio electr\u00f3nico comunes de las verdaderamente excelentes.<\/p>\n\n\n\n<div style=\"height:120px\" aria-hidden=\"true\" class=\"wp-block-spacer\"><\/div>\n<\/div>\n<\/div>\n<\/div><figure class=\"wp-block-media-text__media\"><img loading=\"lazy\" decoding=\"async\" width=\"1024\" height=\"683\" src=\"https:\/\/nomaddeskus.com\/wp-content\/uploads\/2024\/07\/beautiful-smart-asian-young-entrepreneur-business-woman-owner-of-sme-checking-product-on-stock-scan-qr-code-working-at-home-copy-1024x683.webp\" alt=\"\" class=\"wp-image-8355 size-full\" style=\"object-position:45% 0%\" srcset=\"https:\/\/nomaddeskus.com\/wp-content\/uploads\/2024\/07\/beautiful-smart-asian-young-entrepreneur-business-woman-owner-of-sme-checking-product-on-stock-scan-qr-code-working-at-home-copy-1024x683.webp 1024w, https:\/\/nomaddeskus.com\/wp-content\/uploads\/2024\/07\/beautiful-smart-asian-young-entrepreneur-business-woman-owner-of-sme-checking-product-on-stock-scan-qr-code-working-at-home-copy-300x200.webp 300w, https:\/\/nomaddeskus.com\/wp-content\/uploads\/2024\/07\/beautiful-smart-asian-young-entrepreneur-business-woman-owner-of-sme-checking-product-on-stock-scan-qr-code-working-at-home-copy-768x512.webp 768w, https:\/\/nomaddeskus.com\/wp-content\/uploads\/2024\/07\/beautiful-smart-asian-young-entrepreneur-business-woman-owner-of-sme-checking-product-on-stock-scan-qr-code-working-at-home-copy-1536x1024.webp 1536w, https:\/\/nomaddeskus.com\/wp-content\/uploads\/2024\/07\/beautiful-smart-asian-young-entrepreneur-business-woman-owner-of-sme-checking-product-on-stock-scan-qr-code-working-at-home-copy-980x653.webp 980w, https:\/\/nomaddeskus.com\/wp-content\/uploads\/2024\/07\/beautiful-smart-asian-young-entrepreneur-business-woman-owner-of-sme-checking-product-on-stock-scan-qr-code-working-at-home-copy.webp 1920w\" sizes=\"auto, (max-width: 1024px) 100vw, 1024px\" \/><\/figure><\/div>\n\n\n\n<div class=\"wp-block-group alignwide is-layout-constrained wp-block-group-is-layout-constrained\">\n<div class=\"wp-block-group alignwide animate__fadeIn has-bg-dark-background-color has-background is-layout-constrained wp-container-core-group-is-layout-254f1302 wp-block-group-is-layout-constrained\" style=\"border-radius:12px;padding-top:0;padding-right:0;padding-bottom:0;padding-left:0\">\n<div class=\"wp-block-columns alignwide are-vertically-aligned-center is-layout-flex wp-container-core-columns-is-layout-53a08ade wp-block-columns-is-layout-flex\" style=\"margin-top:var(--wp--preset--spacing--80);margin-bottom:var(--wp--preset--spacing--80);padding-top:48px;padding-right:48px;padding-bottom:48px;padding-left:48px\">\n<div class=\"wp-block-column is-vertically-aligned-center is-layout-flow wp-block-column-is-layout-flow\" style=\"flex-basis:100%\">\n<p class=\"has-white-color has-text-color has-link-color has-medium-font-size wp-elements-0da623ba667aa500696eedc296527b75\">Entonces, ya sea que necesite ayuda adicional con esos correos electr\u00f3nicos o solicitudes de chat en vivo o necesite un equipo, grande o peque\u00f1o, para concentrarse en sus actividades principales de generaci\u00f3n de ingresos, siempre tendremos algo para usted.<\/p>\n<\/div>\n<\/div>\n<\/div>\n<\/div>\n\n\n\n<div class=\"wp-block-media-text alignfull has-media-on-the-right is-stacked-on-mobile is-vertically-aligned-center is-image-fill-element has-white-background-color has-background\" style=\"margin-top:0;margin-bottom:0;padding-top:0;padding-bottom:0\"><div class=\"wp-block-media-text__content\">\n<div class=\"wp-block-group is-layout-constrained wp-container-core-group-is-layout-0e39ab40 wp-block-group-is-layout-constrained\">\n<div style=\"margin-top:0;margin-bottom:0;height:120px\" aria-hidden=\"true\" class=\"wp-block-spacer\"><\/div>\n\n\n\n<h3 class=\"wp-block-heading has-text-align-left has-large-font-size\" id=\"totally-customizable\" style=\"font-weight:300;line-height:1\"><strong>\u00bfPor qu\u00e9 nosotros?<\/strong><\/h3>\n\n\n\n<div class=\"wp-block-group animate__fadeInLeft is-layout-constrained wp-block-group-is-layout-constrained\">\n<ul class=\"wp-block-list\">\n<li>Soluciones de voz saliente personalizadas<\/li>\n\n\n\n<li>Las mejores herramientas del mercado como Shopify, Zendesk y Return Magic<\/li>\n\n\n\n<li>Procesamiento personalizado de devoluciones y cambios<\/li>\n\n\n\n<li>Soluciones de voz entrante y saliente<\/li>\n\n\n\n<li>Ticket medio m\u00e1s elevado por cliente<\/li>\n\n\n\n<li>Cero rotaci\u00f3n de personal<\/li>\n<\/ul>\n\n\n\n<div class=\"wp-block-buttons is-layout-flex wp-block-buttons-is-layout-flex\"><\/div>\n\n\n\n<div style=\"height:120px\" aria-hidden=\"true\" class=\"wp-block-spacer\"><\/div>\n<\/div>\n<\/div>\n<\/div><figure class=\"wp-block-media-text__media\"><img loading=\"lazy\" decoding=\"async\" width=\"750\" height=\"523\" src=\"https:\/\/nomaddeskus.com\/wp-content\/uploads\/2020\/11\/image-01-1.png\" alt=\"\" class=\"wp-image-31 size-full\" style=\"object-position:50% 50%\" srcset=\"https:\/\/nomaddeskus.com\/wp-content\/uploads\/2020\/11\/image-01-1.png 750w, https:\/\/nomaddeskus.com\/wp-content\/uploads\/2020\/11\/image-01-1-300x209.png 300w\" sizes=\"auto, (max-width: 750px) 100vw, 750px\" \/><\/figure><\/div>\n\n\n\n<div style=\"height:100px\" aria-hidden=\"true\" class=\"wp-block-spacer\"><\/div>\n\n\n\n<div class=\"wp-block-columns alignfull are-vertically-aligned-center has-accent-secondary-background-color has-background is-layout-flex wp-container-core-columns-is-layout-09ff9031 wp-block-columns-is-layout-flex\" style=\"margin-top:0;margin-bottom:0;padding-top:var(--wp--preset--spacing--80);padding-bottom:var(--wp--preset--spacing--80)\">\n<div class=\"wp-block-column is-vertically-aligned-center is-layout-constrained wp-block-column-is-layout-constrained\">\n<h3 class=\"wp-block-heading has-text-align-center\">M\u00c1S SOLUCIONES<\/h3>\n\n\n\n<p class=\"has-text-align-center\">Nos conectamos con todas las tecnolog\u00edas para una experiencia de soporte perfecta de principio a fin.<\/p>\n\n\n\n<div class=\"wp-block-columns is-layout-flex wp-container-core-columns-is-layout-12d2a4a6 wp-block-columns-is-layout-flex\" style=\"margin-top:var(--wp--preset--spacing--40);margin-bottom:var(--wp--preset--spacing--40);padding-top:0;padding-right:0;padding-bottom:0;padding-left:0\">\n<div class=\"wp-block-column is-vertically-aligned-center is-layout-flow wp-container-core-column-is-layout-6e9d347c wp-block-column-is-layout-flow\">\n<div class=\"wp-block-group has-white-background-color has-background is-layout-constrained wp-container-core-group-is-layout-dc0c9796 wp-block-group-is-layout-constrained\" style=\"border-radius:12px;border-top-color:#D9E9E7;border-top-style:solid;border-top-width:2px;border-right-color:#D9E9E7;border-right-style:solid;border-right-width:2px;border-bottom-color:#D9E9E7;border-bottom-style:solid;border-bottom-width:2px;border-left-color:#D9E9E7;border-left-style:solid;border-left-width:2px;min-height:220px;padding-top:24px;padding-right:24px;padding-bottom:24px;padding-left:24px\">\n<figure class=\"wp-block-image aligncenter size-full is-resized obb-icon-img\"><img loading=\"lazy\" decoding=\"async\" width=\"200\" height=\"200\" src=\"https:\/\/nomaddeskus.com\/wp-content\/uploads\/2024\/07\/more-solutions-icon-01.webp\" alt=\"\" class=\"wp-image-8225\" style=\"width:90px;height:auto\" srcset=\"https:\/\/nomaddeskus.com\/wp-content\/uploads\/2024\/07\/more-solutions-icon-01.webp 200w, https:\/\/nomaddeskus.com\/wp-content\/uploads\/2024\/07\/more-solutions-icon-01-150x150.webp 150w\" sizes=\"auto, (max-width: 200px) 100vw, 200px\" \/><\/figure>\n\n\n\n<div class=\"wp-block-group obb-icon-content is-layout-flow wp-container-core-group-is-layout-6d8aaa9a wp-block-group-is-layout-flow\">\n<h6 class=\"wp-block-heading has-text-align-center has-black-color has-text-color has-medium-font-size\" id=\"customizable\" style=\"line-height:1\">Agente de Servicio al Paciente<\/h6>\n<\/div>\n<\/div>\n<\/div>\n\n\n\n<div class=\"wp-block-column is-layout-flow wp-block-column-is-layout-flow\">\n<div class=\"wp-block-group has-white-background-color has-background is-layout-constrained wp-container-core-group-is-layout-5bd21058 wp-block-group-is-layout-constrained\" style=\"border-radius:12px;border-top-color:#D9E9E7;border-top-style:solid;border-top-width:2px;border-right-color:#D9E9E7;border-right-style:solid;border-right-width:2px;border-bottom-color:#D9E9E7;border-bottom-style:solid;border-bottom-width:2px;border-left-color:#D9E9E7;border-left-style:solid;border-left-width:2px;min-height:220px;padding-top:24px;padding-right:24px;padding-bottom:24px;padding-left:24px\">\n<figure class=\"wp-block-image aligncenter size-full is-resized obb-icon-img\"><img loading=\"lazy\" decoding=\"async\" width=\"200\" height=\"200\" src=\"https:\/\/nomaddeskus.com\/wp-content\/uploads\/2024\/07\/more-solutions-icon-02.webp\" alt=\"\" class=\"wp-image-8224\" style=\"width:90px\" srcset=\"https:\/\/nomaddeskus.com\/wp-content\/uploads\/2024\/07\/more-solutions-icon-02.webp 200w, https:\/\/nomaddeskus.com\/wp-content\/uploads\/2024\/07\/more-solutions-icon-02-150x150.webp 150w\" sizes=\"auto, (max-width: 200px) 100vw, 200px\" \/><\/figure>\n\n\n\n<div class=\"wp-block-group obb-icon-content is-layout-flow wp-container-core-group-is-layout-6d8aaa9a wp-block-group-is-layout-flow\">\n<h6 class=\"wp-block-heading has-text-align-center has-black-color has-text-color has-medium-font-size\" id=\"customizable\" style=\"line-height:1\">Asistencia Fuera de Horario<\/h6>\n<\/div>\n<\/div>\n<\/div>\n\n\n\n<div class=\"wp-block-column is-vertically-aligned-center is-layout-flow wp-block-column-is-layout-flow\">\n<div class=\"wp-block-group has-white-background-color has-background is-layout-constrained wp-container-core-group-is-layout-5bd21058 wp-block-group-is-layout-constrained\" style=\"border-radius:12px;border-top-color:#D9E9E7;border-top-style:solid;border-top-width:2px;border-right-color:#D9E9E7;border-right-style:solid;border-right-width:2px;border-bottom-color:#D9E9E7;border-bottom-style:solid;border-bottom-width:2px;border-left-color:#D9E9E7;border-left-style:solid;border-left-width:2px;min-height:220px;padding-top:24px;padding-right:24px;padding-bottom:24px;padding-left:24px\">\n<figure class=\"wp-block-image aligncenter size-full is-resized obb-icon-img\"><img loading=\"lazy\" decoding=\"async\" width=\"200\" height=\"200\" src=\"https:\/\/nomaddeskus.com\/wp-content\/uploads\/2024\/07\/more-solutions-icon-03.webp\" alt=\"\" class=\"wp-image-8223\" style=\"width:90px\" srcset=\"https:\/\/nomaddeskus.com\/wp-content\/uploads\/2024\/07\/more-solutions-icon-03.webp 200w, https:\/\/nomaddeskus.com\/wp-content\/uploads\/2024\/07\/more-solutions-icon-03-150x150.webp 150w\" sizes=\"auto, (max-width: 200px) 100vw, 200px\" \/><\/figure>\n\n\n\n<div class=\"wp-block-group obb-icon-content is-layout-flow wp-container-core-group-is-layout-6d8aaa9a wp-block-group-is-layout-flow\">\n<h6 class=\"wp-block-heading has-text-align-center has-black-color has-text-color has-medium-font-size\" id=\"customizable\" style=\"line-height:1\">Facilitadoras de Referencias<\/h6>\n<\/div>\n<\/div>\n<\/div>\n<\/div>\n\n\n\n<div class=\"wp-block-columns is-layout-flex wp-container-core-columns-is-layout-12d2a4a6 wp-block-columns-is-layout-flex\" style=\"margin-top:var(--wp--preset--spacing--40);margin-bottom:var(--wp--preset--spacing--40);padding-top:0;padding-right:0;padding-bottom:0;padding-left:0\">\n<div class=\"wp-block-column is-vertically-aligned-center is-layout-flow wp-container-core-column-is-layout-6e9d347c wp-block-column-is-layout-flow\">\n<div class=\"wp-block-group has-white-background-color has-background is-layout-constrained wp-container-core-group-is-layout-dc0c9796 wp-block-group-is-layout-constrained\" style=\"border-radius:12px;border-top-color:#D9E9E7;border-top-style:solid;border-top-width:2px;border-right-color:#D9E9E7;border-right-style:solid;border-right-width:2px;border-bottom-color:#D9E9E7;border-bottom-style:solid;border-bottom-width:2px;border-left-color:#D9E9E7;border-left-style:solid;border-left-width:2px;min-height:220px;padding-top:24px;padding-right:24px;padding-bottom:24px;padding-left:24px\">\n<figure class=\"wp-block-image aligncenter size-full is-resized obb-icon-img\"><img loading=\"lazy\" decoding=\"async\" width=\"200\" height=\"200\" src=\"https:\/\/nomaddeskus.com\/wp-content\/uploads\/2024\/07\/more-solutions-icon-04.webp\" alt=\"\" class=\"wp-image-8222\" style=\"width:90px\" srcset=\"https:\/\/nomaddeskus.com\/wp-content\/uploads\/2024\/07\/more-solutions-icon-04.webp 200w, https:\/\/nomaddeskus.com\/wp-content\/uploads\/2024\/07\/more-solutions-icon-04-150x150.webp 150w\" sizes=\"auto, (max-width: 200px) 100vw, 200px\" \/><\/figure>\n\n\n\n<div class=\"wp-block-group obb-icon-content is-layout-flow wp-container-core-group-is-layout-6d8aaa9a wp-block-group-is-layout-flow\">\n<h6 class=\"wp-block-heading has-text-align-center has-black-color has-text-color has-medium-font-size\" id=\"customizable\" style=\"line-height:1\">Especialista en Retenci\u00f3n<\/h6>\n<\/div>\n<\/div>\n<\/div>\n\n\n\n<div class=\"wp-block-column is-layout-flow wp-block-column-is-layout-flow\">\n<div class=\"wp-block-group has-white-background-color has-background is-layout-constrained wp-container-core-group-is-layout-5bd21058 wp-block-group-is-layout-constrained\" style=\"border-radius:12px;border-top-color:#D9E9E7;border-top-style:solid;border-top-width:2px;border-right-color:#D9E9E7;border-right-style:solid;border-right-width:2px;border-bottom-color:#D9E9E7;border-bottom-style:solid;border-bottom-width:2px;border-left-color:#D9E9E7;border-left-style:solid;border-left-width:2px;min-height:220px;padding-top:24px;padding-right:24px;padding-bottom:24px;padding-left:24px\">\n<figure class=\"wp-block-image aligncenter size-full is-resized obb-icon-img\"><img loading=\"lazy\" decoding=\"async\" width=\"200\" height=\"200\" src=\"https:\/\/nomaddeskus.com\/wp-content\/uploads\/2024\/07\/more-solutions-icon-05.webp\" alt=\"\" class=\"wp-image-8221\" style=\"width:90px\" srcset=\"https:\/\/nomaddeskus.com\/wp-content\/uploads\/2024\/07\/more-solutions-icon-05.webp 200w, https:\/\/nomaddeskus.com\/wp-content\/uploads\/2024\/07\/more-solutions-icon-05-150x150.webp 150w\" sizes=\"auto, (max-width: 200px) 100vw, 200px\" \/><\/figure>\n\n\n\n<div class=\"wp-block-group obb-icon-content is-layout-flow wp-container-core-group-is-layout-6d8aaa9a wp-block-group-is-layout-flow\">\n<h6 class=\"wp-block-heading has-text-align-center has-black-color has-text-color has-medium-font-size\" id=\"customizable\" style=\"line-height:1\">PEP &amp; PrEP<\/h6>\n<\/div>\n<\/div>\n<\/div>\n\n\n\n<div class=\"wp-block-column is-vertically-aligned-center is-layout-flow wp-block-column-is-layout-flow\">\n<div class=\"wp-block-group has-white-background-color has-background is-layout-constrained wp-container-core-group-is-layout-5bd21058 wp-block-group-is-layout-constrained\" style=\"border-radius:12px;border-top-color:#D9E9E7;border-top-style:solid;border-top-width:2px;border-right-color:#D9E9E7;border-right-style:solid;border-right-width:2px;border-bottom-color:#D9E9E7;border-bottom-style:solid;border-bottom-width:2px;border-left-color:#D9E9E7;border-left-style:solid;border-left-width:2px;min-height:220px;padding-top:24px;padding-right:24px;padding-bottom:24px;padding-left:24px\">\n<figure class=\"wp-block-image aligncenter size-full is-resized obb-icon-img\"><img loading=\"lazy\" decoding=\"async\" width=\"200\" height=\"200\" src=\"https:\/\/nomaddeskus.com\/wp-content\/uploads\/2024\/07\/more-solutions-icon-06.webp\" alt=\"\" class=\"wp-image-8220\" style=\"width:90px\" srcset=\"https:\/\/nomaddeskus.com\/wp-content\/uploads\/2024\/07\/more-solutions-icon-06.webp 200w, https:\/\/nomaddeskus.com\/wp-content\/uploads\/2024\/07\/more-solutions-icon-06-150x150.webp 150w\" sizes=\"auto, (max-width: 200px) 100vw, 200px\" \/><\/figure>\n\n\n\n<div class=\"wp-block-group obb-icon-content is-layout-flow wp-container-core-group-is-layout-6d8aaa9a wp-block-group-is-layout-flow\">\n<h6 class=\"wp-block-heading has-text-align-center has-black-color has-text-color has-medium-font-size\" id=\"customizable\" style=\"line-height:1\">Custodio de Datos<\/h6>\n<\/div>\n<\/div>\n<\/div>\n<\/div>\n\n\n\n<div class=\"wp-block-columns is-layout-flex wp-container-core-columns-is-layout-12d2a4a6 wp-block-columns-is-layout-flex\" style=\"margin-top:var(--wp--preset--spacing--40);margin-bottom:var(--wp--preset--spacing--40);padding-top:0;padding-right:0;padding-bottom:0;padding-left:0\">\n<div class=\"wp-block-column is-vertically-aligned-center is-layout-flow wp-container-core-column-is-layout-6e9d347c wp-block-column-is-layout-flow\">\n<div class=\"wp-block-group has-white-background-color has-background is-layout-constrained wp-container-core-group-is-layout-dc0c9796 wp-block-group-is-layout-constrained\" style=\"border-radius:12px;border-top-color:#D9E9E7;border-top-style:solid;border-top-width:2px;border-right-color:#D9E9E7;border-right-style:solid;border-right-width:2px;border-bottom-color:#D9E9E7;border-bottom-style:solid;border-bottom-width:2px;border-left-color:#D9E9E7;border-left-style:solid;border-left-width:2px;min-height:220px;padding-top:24px;padding-right:24px;padding-bottom:24px;padding-left:24px\">\n<figure class=\"wp-block-image aligncenter size-full is-resized obb-icon-img\"><img loading=\"lazy\" decoding=\"async\" width=\"200\" height=\"200\" src=\"https:\/\/nomaddeskus.com\/wp-content\/uploads\/2024\/07\/more-solutions-icon-07.webp\" alt=\"\" class=\"wp-image-8219\" style=\"width:90px\" srcset=\"https:\/\/nomaddeskus.com\/wp-content\/uploads\/2024\/07\/more-solutions-icon-07.webp 200w, https:\/\/nomaddeskus.com\/wp-content\/uploads\/2024\/07\/more-solutions-icon-07-150x150.webp 150w\" sizes=\"auto, (max-width: 200px) 100vw, 200px\" \/><\/figure>\n\n\n\n<div class=\"wp-block-group obb-icon-content is-layout-flow wp-container-core-group-is-layout-6d8aaa9a wp-block-group-is-layout-flow\">\n<h6 class=\"wp-block-heading has-text-align-center has-black-color has-text-color has-medium-font-size\" id=\"customizable\" style=\"line-height:1\">Transcripci\u00f3n M\u00e9dica H\u00edbrida IA<\/h6>\n<\/div>\n<\/div>\n<\/div>\n\n\n\n<div class=\"wp-block-column is-layout-flow wp-block-column-is-layout-flow\">\n<div class=\"wp-block-group has-white-background-color has-background is-layout-constrained wp-container-core-group-is-layout-5bd21058 wp-block-group-is-layout-constrained\" style=\"border-radius:12px;border-top-color:#D9E9E7;border-top-style:solid;border-top-width:2px;border-right-color:#D9E9E7;border-right-style:solid;border-right-width:2px;border-bottom-color:#D9E9E7;border-bottom-style:solid;border-bottom-width:2px;border-left-color:#D9E9E7;border-left-style:solid;border-left-width:2px;min-height:220px;padding-top:24px;padding-right:24px;padding-bottom:24px;padding-left:24px\">\n<figure class=\"wp-block-image aligncenter size-full is-resized obb-icon-img\"><img loading=\"lazy\" decoding=\"async\" width=\"200\" height=\"200\" src=\"https:\/\/nomaddeskus.com\/wp-content\/uploads\/2024\/07\/more-solutions-icon-08.webp\" alt=\"\" class=\"wp-image-8218\" style=\"width:90px\" srcset=\"https:\/\/nomaddeskus.com\/wp-content\/uploads\/2024\/07\/more-solutions-icon-08.webp 200w, https:\/\/nomaddeskus.com\/wp-content\/uploads\/2024\/07\/more-solutions-icon-08-150x150.webp 150w\" sizes=\"auto, (max-width: 200px) 100vw, 200px\" \/><\/figure>\n\n\n\n<div class=\"wp-block-group obb-icon-content is-layout-flow wp-container-core-group-is-layout-6d8aaa9a wp-block-group-is-layout-flow\">\n<h6 class=\"wp-block-heading has-text-align-center has-black-color has-text-color has-medium-font-size\" id=\"customizable\" style=\"line-height:1\">Gerente de Atenci\u00f3n al Cliente<\/h6>\n<\/div>\n<\/div>\n<\/div>\n\n\n\n<div class=\"wp-block-column is-vertically-aligned-center is-layout-flow wp-block-column-is-layout-flow\"><\/div>\n<\/div>\n<\/div>\n<\/div>\n\n\n\n<div class=\"wp-block-cover alignfull has-parallax\" style=\"border-style:none;border-width:0px;border-radius:0px;margin-top:0;margin-bottom:0;padding-top:0;padding-bottom:0;min-height:800px;aspect-ratio:unset;\"><div class=\"wp-block-cover__image-background wp-image-8235 has-parallax\" style=\"background-position:50% 50%;background-image:url(https:\/\/nomaddeskus.com\/wp-content\/uploads\/2024\/07\/contactFRM.webp)\"><\/div><span aria-hidden=\"true\" class=\"wp-block-cover__background has-black-background-color has-background-dim-30 has-background-dim\"><\/span><div class=\"wp-block-cover__inner-container is-layout-flow wp-block-cover-is-layout-flow\">\n<div class=\"wp-block-columns alignfull are-vertically-aligned-center is-not-stacked-on-mobile is-layout-flex wp-container-core-columns-is-layout-12af38aa wp-block-columns-is-layout-flex\" style=\"margin-top:0;margin-bottom:0;padding-top:0;padding-right:0px;padding-bottom:0;padding-left:84px\">\n<div class=\"wp-block-column is-vertically-aligned-center is-layout-constrained wp-container-core-column-is-layout-7db9d80f wp-block-column-is-layout-constrained\" style=\"padding-right:0;padding-left:0;flex-basis:49%\">\n<h2 class=\"wp-block-heading has-white-color has-text-color has-link-color wp-elements-3945ff0392a3d6ec1564e6c3fbb29e8d\"><strong>\u00bfListo para escalar?<\/strong><\/h2>\n\n\n\n<p class=\"has-text-align-left has-medium-font-size\">Haremos crecer su cl\u00ednica. Un paciente a la vez<\/p>\n<\/div>\n\n\n\n<div class=\"wp-block-column is-vertically-aligned-center is-content-justification-right is-layout-constrained wp-container-core-column-is-layout-5c12a1d1 wp-block-column-is-layout-constrained\" style=\"border-style:none;border-width:0px;flex-basis:32%\"><div class=\"wp-block-jetpack-contact-form is-style-outlined wp-elements-179ecd62722ac4fc7609445bfcd17512\"><a href=\"https:\/\/nomaddeskus.com\/es\/industries-ecommerce-2\/\" target=\"_blank\" rel=\"noopener noreferrer\">Env\u00eda un formulario.<\/a><\/div><\/div>\n<\/div>\n<\/div><\/div>\n<\/div>","protected":false},"excerpt":{"rendered":"<p>INDUSTRIES Ecommerce Increasing your sales on the world wide web. In the digital age, a strong online presence is the most important factor when it comes to the success of any given business or clinic. A strong customer support, on the other hand, is what separates common ecommerce pages from the truly great ones. So [&hellip;]<\/p>","protected":false},"author":8,"featured_media":0,"parent":0,"menu_order":0,"comment_status":"closed","ping_status":"closed","template":"template-blank","meta":{"footnotes":""},"class_list":["post-8354","page","type-page","status-publish","hentry"],"jetpack_sharing_enabled":true,"_links":{"self":[{"href":"https:\/\/nomaddeskus.com\/es\/wp-json\/wp\/v2\/pages\/8354","targetHints":{"allow":["GET"]}}],"collection":[{"href":"https:\/\/nomaddeskus.com\/es\/wp-json\/wp\/v2\/pages"}],"about":[{"href":"https:\/\/nomaddeskus.com\/es\/wp-json\/wp\/v2\/types\/page"}],"author":[{"embeddable":true,"href":"https:\/\/nomaddeskus.com\/es\/wp-json\/wp\/v2\/users\/8"}],"replies":[{"embeddable":true,"href":"https:\/\/nomaddeskus.com\/es\/wp-json\/wp\/v2\/comments?post=8354"}],"version-history":[{"count":6,"href":"https:\/\/nomaddeskus.com\/es\/wp-json\/wp\/v2\/pages\/8354\/revisions"}],"predecessor-version":[{"id":10656,"href":"https:\/\/nomaddeskus.com\/es\/wp-json\/wp\/v2\/pages\/8354\/revisions\/10656"}],"wp:attachment":[{"href":"https:\/\/nomaddeskus.com\/es\/wp-json\/wp\/v2\/media?parent=8354"}],"curies":[{"name":"wp","href":"https:\/\/api.w.org\/{rel}","templated":true}]}}