{"id":8380,"date":"2024-07-24T00:27:56","date_gmt":"2024-07-24T07:27:56","guid":{"rendered":"https:\/\/nomaddeskus.com\/?page_id=8380"},"modified":"2025-10-30T12:30:32","modified_gmt":"2025-10-30T19:30:32","slug":"case-uchcla","status":"publish","type":"page","link":"https:\/\/nomaddeskus.com\/es\/case-uchcla\/","title":{"rendered":"Caso: UCHCLA"},"content":{"rendered":"<div class=\"wp-block-group alignfull is-layout-constrained wp-block-group-is-layout-constrained\">\n<div class=\"wp-block-cover alignfull\" style=\"margin-top:0;margin-bottom:0;padding-top:0;padding-bottom:0;min-height:720px;aspect-ratio:unset;\"><img loading=\"lazy\" decoding=\"async\" width=\"1920\" height=\"1080\" class=\"wp-block-cover__image-background wp-image-8505\" alt=\"\" src=\"https:\/\/nomaddeskus.com\/wp-content\/uploads\/2024\/08\/BG-Cases-N-copy.webp\" data-object-fit=\"cover\" srcset=\"https:\/\/nomaddeskus.com\/wp-content\/uploads\/2024\/08\/BG-Cases-N-copy.webp 1920w, https:\/\/nomaddeskus.com\/wp-content\/uploads\/2024\/08\/BG-Cases-N-copy-300x169.webp 300w, https:\/\/nomaddeskus.com\/wp-content\/uploads\/2024\/08\/BG-Cases-N-copy-1024x576.webp 1024w, https:\/\/nomaddeskus.com\/wp-content\/uploads\/2024\/08\/BG-Cases-N-copy-768x432.webp 768w, https:\/\/nomaddeskus.com\/wp-content\/uploads\/2024\/08\/BG-Cases-N-copy-1536x864.webp 1536w\" sizes=\"auto, (max-width: 1920px) 100vw, 1920px\" \/><span aria-hidden=\"true\" class=\"wp-block-cover__background has-black-background-color has-background-dim-60 has-background-dim\"><\/span><div class=\"wp-block-cover__inner-container is-layout-flow wp-block-cover-is-layout-flow\">\n<div class=\"wp-block-group alignwide obb-content is-layout-constrained wp-container-core-group-is-layout-254f1302 wp-block-group-is-layout-constrained\" style=\"padding-top:0;padding-right:0;padding-bottom:0;padding-left:0\">\n<div class=\"wp-block-group alignwide is-layout-flow wp-block-group-is-layout-flow\">\n<div style=\"height:120px\" aria-hidden=\"true\" class=\"wp-block-spacer\"><\/div>\n\n\n\n<h2 class=\"wp-block-heading has-text-align-center has-white-color has-text-color has-huge-font-size\" id=\"the-future-of-wordpress-is-here\" style=\"font-style:normal;font-weight:300\"><strong>Acerca de UCHCLA<\/strong><\/h2>\n\n\n\n<p class=\"has-text-align-center has-medium-font-size\">Universal Community Health Center Los Angeles (UCHCLA) es un proveedor de atenci\u00f3n m\u00e9dica vital que atiende a la comunidad del sur de Los \u00c1ngeles. Comprometidos a ofrecer atenci\u00f3n m\u00e9dica de calidad y accesible, UCHCLA ha estado a la vanguardia en la atenci\u00f3n de las necesidades m\u00e9dicas de una poblaci\u00f3n diversa. UCHCLA desempe\u00f1a un papel crucial en la mejora de los resultados de salud p\u00fablica en una de las \u00e1reas m\u00e1s desatendidas de Los \u00c1ngeles.<\/p>\n\n\n\n<div style=\"height:120px\" aria-hidden=\"true\" class=\"wp-block-spacer\"><\/div>\n<\/div>\n<\/div>\n<\/div><\/div>\n\n\n\n<div class=\"wp-block-media-text alignfull has-media-on-the-right is-stacked-on-mobile is-vertically-aligned-center is-image-fill-element has-bg-light-background-color has-background\" style=\"margin-top:0;margin-bottom:0\"><div class=\"wp-block-media-text__content\">\n<div class=\"wp-block-group is-layout-constrained wp-container-core-group-is-layout-0e39ab40 wp-block-group-is-layout-constrained\">\n<div style=\"height:120px\" aria-hidden=\"true\" class=\"wp-block-spacer\"><\/div>\n\n\n\n<h2 class=\"wp-block-heading has-large-font-size\" id=\"wordpress-websites-just-got-so-much-easier-with-stax\" style=\"font-weight:400;line-height:1\"><strong>Su problema<\/strong><\/h2>\n\n\n\n<div class=\"wp-block-group animate__fadeInLeft is-layout-constrained wp-block-group-is-layout-constrained\">\n<p class=\"has-medium-font-size\">A medida que UCHCLA sigui\u00f3 creciendo y ampliando sus servicios para satisfacer las crecientes demandas de atenci\u00f3n m\u00e9dica del sur de Los \u00c1ngeles, la cl\u00ednica enfrent\u00f3 desaf\u00edos importantes en la gesti\u00f3n de la comunicaci\u00f3n con los pacientes. El equipo del centro de llamadas existente ten\u00eda dificultades para manejar el creciente volumen de llamadas de pacientes, lo que generaba tiempos de espera m\u00e1s prolongados y una mayor cantidad de llamadas perdidas o sin respuesta. Este obst\u00e1culo no solo afect\u00f3 la satisfacci\u00f3n del paciente, sino que tambi\u00e9n obstaculiz\u00f3 la capacidad de la cl\u00ednica para brindar atenci\u00f3n oportuna.<\/p>\n\n\n\n<p class=\"has-medium-font-size\">UCHCLA necesitaba una soluci\u00f3n que le permitiera ampliar r\u00e1pidamente las operaciones de su centro de llamadas y, al mismo tiempo, mantener, o incluso mejorar, la calidad del servicio que sus pacientes esperaban. Buscaban reducir el tiempo de espera promedio de los pacientes y garantizar que un mayor porcentaje de llamadas se respondieran con prontitud, mejorando as\u00ed la experiencia general del paciente y la eficiencia operativa.<\/p>\n\n\n\n<div style=\"height:120px\" aria-hidden=\"true\" class=\"wp-block-spacer\"><\/div>\n<\/div>\n<\/div>\n<\/div><figure class=\"wp-block-media-text__media\"><img loading=\"lazy\" decoding=\"async\" width=\"1024\" height=\"683\" src=\"https:\/\/nomaddeskus.com\/wp-content\/uploads\/2022\/02\/happy-doctor-holding-clipboard-with-patients-1024x683.jpg\" alt=\"\" class=\"wp-image-1678 size-full\" style=\"object-position:26% 57%\" srcset=\"https:\/\/nomaddeskus.com\/wp-content\/uploads\/2022\/02\/happy-doctor-holding-clipboard-with-patients-1024x683.jpg 1024w, https:\/\/nomaddeskus.com\/wp-content\/uploads\/2022\/02\/happy-doctor-holding-clipboard-with-patients-600x400.jpg 600w, https:\/\/nomaddeskus.com\/wp-content\/uploads\/2022\/02\/happy-doctor-holding-clipboard-with-patients-300x200.jpg 300w, https:\/\/nomaddeskus.com\/wp-content\/uploads\/2022\/02\/happy-doctor-holding-clipboard-with-patients-768x512.jpg 768w, https:\/\/nomaddeskus.com\/wp-content\/uploads\/2022\/02\/happy-doctor-holding-clipboard-with-patients-1536x1024.jpg 1536w, https:\/\/nomaddeskus.com\/wp-content\/uploads\/2022\/02\/happy-doctor-holding-clipboard-with-patients.jpg 1920w\" sizes=\"auto, (max-width: 1024px) 100vw, 1024px\" \/><\/figure><\/div>\n\n\n\n<div class=\"wp-block-columns alignfull are-vertically-aligned-center has-white-background-color has-background is-layout-flex wp-container-core-columns-is-layout-09ff9031 wp-block-columns-is-layout-flex\" style=\"margin-top:0;margin-bottom:0;padding-top:var(--wp--preset--spacing--80);padding-bottom:var(--wp--preset--spacing--80)\">\n<div class=\"wp-block-column is-vertically-aligned-center is-layout-constrained wp-block-column-is-layout-constrained\">\n<h3 class=\"wp-block-heading has-text-align-center\">NUESTRA SOLUCI\u00d3N<\/h3>\n\n\n\n<p class=\"has-text-align-center has-medium-font-size\">Para abordar los desaf\u00edos de UCHCLA, Nomad Desk implement\u00f3 una soluci\u00f3n de centro de llamadas personalizada dise\u00f1ada para adaptarse al r\u00e1pido crecimiento de la cl\u00ednica y mejorar la experiencia del paciente. Nuestro enfoque fue multifac\u00e9tico y se centr\u00f3 en ampliar la capacidad del centro de llamadas y, al mismo tiempo, mejorar la calidad del servicio brindado a los pacientes.<\/p>\n\n\n\n<div style=\"height:100px\" aria-hidden=\"true\" class=\"wp-block-spacer\"><\/div>\n\n\n\n<div class=\"wp-block-columns alignwide is-layout-flex wp-container-core-columns-is-layout-12d2a4a6 wp-block-columns-is-layout-flex\" style=\"margin-top:var(--wp--preset--spacing--40);margin-bottom:var(--wp--preset--spacing--40);padding-top:0;padding-right:0;padding-bottom:0;padding-left:0\">\n<div class=\"wp-block-column is-vertically-aligned-center is-layout-flow wp-container-core-column-is-layout-6e9d347c wp-block-column-is-layout-flow\">\n<div class=\"wp-block-group has-white-background-color has-background is-layout-constrained wp-container-core-group-is-layout-dc0c9796 wp-block-group-is-layout-constrained\" style=\"border-radius:12px;border-top-color:#D9E9E7;border-top-style:solid;border-top-width:2px;border-right-color:#D9E9E7;border-right-style:solid;border-right-width:2px;border-bottom-color:#D9E9E7;border-bottom-style:solid;border-bottom-width:2px;border-left-color:#D9E9E7;border-left-style:solid;border-left-width:2px;min-height:510px;padding-top:24px;padding-right:24px;padding-bottom:24px;padding-left:24px\">\n<figure class=\"wp-block-image aligncenter size-full is-resized obb-icon-img\"><img loading=\"lazy\" decoding=\"async\" width=\"200\" height=\"200\" src=\"https:\/\/nomaddeskus.com\/wp-content\/uploads\/2024\/08\/icon-pep-n-1.webp\" alt=\"\" class=\"wp-image-8522\" style=\"width:90px;height:auto\" srcset=\"https:\/\/nomaddeskus.com\/wp-content\/uploads\/2024\/08\/icon-pep-n-1.webp 200w, https:\/\/nomaddeskus.com\/wp-content\/uploads\/2024\/08\/icon-pep-n-1-150x150.webp 150w\" sizes=\"auto, (max-width: 200px) 100vw, 200px\" \/><\/figure>\n\n\n\n<div class=\"wp-block-group obb-icon-content is-layout-flow wp-container-core-group-is-layout-6d8aaa9a wp-block-group-is-layout-flow\">\n<h6 class=\"wp-block-heading has-text-align-center has-black-color has-text-color has-medium-font-size\" id=\"customizable\" style=\"line-height:1\"><strong>Personal personalizado y soporte multiling\u00fce<\/strong><\/h6>\n\n\n\n<p class=\"has-text-align-center\">Incorporamos un equipo de agentes altamente capacitados, multiculturales y multiling\u00fces, que fueron cuidadosamente seleccionados para satisfacer las necesidades espec\u00edficas de la base de pacientes de UCHCLA. Esto garantiz\u00f3 que cada persona que llamara pudiera comunicarse de manera eficaz y sentirse comprendida, independientemente de las barreras ling\u00fc\u00edsticas.<\/p>\n<\/div>\n<\/div>\n<\/div>\n\n\n\n<div class=\"wp-block-column is-layout-flow wp-block-column-is-layout-flow\">\n<div class=\"wp-block-group has-white-background-color has-background is-layout-constrained wp-container-core-group-is-layout-5bd21058 wp-block-group-is-layout-constrained\" style=\"border-radius:12px;border-top-color:#D9E9E7;border-top-style:solid;border-top-width:2px;border-right-color:#D9E9E7;border-right-style:solid;border-right-width:2px;border-bottom-color:#D9E9E7;border-bottom-style:solid;border-bottom-width:2px;border-left-color:#D9E9E7;border-left-style:solid;border-left-width:2px;min-height:510px;padding-top:24px;padding-right:24px;padding-bottom:24px;padding-left:24px\">\n<figure class=\"wp-block-image aligncenter size-full is-resized obb-icon-img\"><img loading=\"lazy\" decoding=\"async\" width=\"200\" height=\"200\" src=\"https:\/\/nomaddeskus.com\/wp-content\/uploads\/2024\/08\/icon-pep-n-2.webp\" alt=\"\" class=\"wp-image-8521\" style=\"width:90px\" srcset=\"https:\/\/nomaddeskus.com\/wp-content\/uploads\/2024\/08\/icon-pep-n-2.webp 200w, https:\/\/nomaddeskus.com\/wp-content\/uploads\/2024\/08\/icon-pep-n-2-150x150.webp 150w\" sizes=\"auto, (max-width: 200px) 100vw, 200px\" \/><\/figure>\n\n\n\n<div class=\"wp-block-group obb-icon-content is-layout-flow wp-container-core-group-is-layout-6d8aaa9a wp-block-group-is-layout-flow\">\n<h6 class=\"wp-block-heading has-text-align-center has-black-color has-text-color has-medium-font-size\" id=\"customizable\" style=\"line-height:1\"><strong>Capacitaci\u00f3n integral y soporte continuo<\/strong><\/h6>\n\n\n\n<p class=\"has-text-align-center\">Nuestros capacitadores expertos brindaron capacitaci\u00f3n exhaustiva a los nuevos agentes, brind\u00e1ndoles las habilidades y los conocimientos necesarios para manejar una amplia gama de consultas e inquietudes de los pacientes. Tambi\u00e9n asignamos un gerente de campa\u00f1a exclusivo para supervisar las operaciones, lo que garantiza que cualquier problema se pueda abordar de inmediato y que se puedan realizar ajustes en tiempo real para optimizar el rendimiento.<\/p>\n<\/div>\n<\/div>\n<\/div>\n\n\n\n<div class=\"wp-block-column is-vertically-aligned-center is-layout-flow wp-block-column-is-layout-flow\">\n<div class=\"wp-block-group has-white-background-color has-background is-layout-constrained wp-container-core-group-is-layout-5bd21058 wp-block-group-is-layout-constrained\" style=\"border-radius:12px;border-top-color:#D9E9E7;border-top-style:solid;border-top-width:2px;border-right-color:#D9E9E7;border-right-style:solid;border-right-width:2px;border-bottom-color:#D9E9E7;border-bottom-style:solid;border-bottom-width:2px;border-left-color:#D9E9E7;border-left-style:solid;border-left-width:2px;min-height:510px;padding-top:24px;padding-right:24px;padding-bottom:24px;padding-left:24px\">\n<figure class=\"wp-block-image aligncenter size-full is-resized obb-icon-img\"><img loading=\"lazy\" decoding=\"async\" width=\"200\" height=\"200\" src=\"https:\/\/nomaddeskus.com\/wp-content\/uploads\/2024\/08\/icon-pep-n-1.webp\" alt=\"\" class=\"wp-image-8522\" style=\"width:90px\" srcset=\"https:\/\/nomaddeskus.com\/wp-content\/uploads\/2024\/08\/icon-pep-n-1.webp 200w, https:\/\/nomaddeskus.com\/wp-content\/uploads\/2024\/08\/icon-pep-n-1-150x150.webp 150w\" sizes=\"auto, (max-width: 200px) 100vw, 200px\" \/><\/figure>\n\n\n\n<div class=\"wp-block-group obb-icon-content is-layout-flow wp-container-core-group-is-layout-6d8aaa9a wp-block-group-is-layout-flow\">\n<h6 class=\"wp-block-heading has-text-align-center has-black-color has-text-color has-medium-font-size\" id=\"customizable\" style=\"line-height:1\"><strong>Integraci\u00f3n de tecnolog\u00eda y optimizaci\u00f3n de la eficiencia<\/strong><\/h6>\n\n\n\n<p class=\"has-text-align-center\">Al integrar la \u00faltima tecnolog\u00eda de centro de llamadas, pudimos optimizar el enrutamiento de llamadas, reducir los tiempos de espera y garantizar que cada llamada fuera respondida con prontitud. Nuestros sistemas nos permitieron manejar un volumen de llamadas significativamente mayor sin comprometer la calidad del servicio.<\/p>\n<\/div>\n<\/div>\n<\/div>\n<\/div>\n<\/div>\n<\/div>\n\n\n\n<div class=\"wp-block-columns alignfull are-vertically-aligned-center has-accent-secondary-background-color has-background is-layout-flex wp-container-core-columns-is-layout-09ff9031 wp-block-columns-is-layout-flex\" style=\"margin-top:0;margin-bottom:0;padding-top:var(--wp--preset--spacing--80);padding-bottom:var(--wp--preset--spacing--80)\">\n<div class=\"wp-block-column is-vertically-aligned-center is-layout-constrained wp-block-column-is-layout-constrained\">\n<h3 class=\"wp-block-heading has-text-align-center\">Los resultados<\/h3>\n\n\n\n<p class=\"has-text-align-center\"><\/p>\n\n\n\n<div class=\"wp-block-columns alignwide is-layout-flex wp-container-core-columns-is-layout-12d2a4a6 wp-block-columns-is-layout-flex\" style=\"margin-top:var(--wp--preset--spacing--40);margin-bottom:var(--wp--preset--spacing--40);padding-top:0;padding-right:0;padding-bottom:0;padding-left:0\">\n<div class=\"wp-block-column is-vertically-aligned-center is-layout-flow wp-container-core-column-is-layout-6e9d347c wp-block-column-is-layout-flow\">\n<div class=\"wp-block-group has-white-background-color has-background is-layout-constrained wp-container-core-group-is-layout-dc0c9796 wp-block-group-is-layout-constrained\" style=\"border-radius:12px;border-top-color:#D9E9E7;border-top-style:solid;border-top-width:2px;border-right-color:#D9E9E7;border-right-style:solid;border-right-width:2px;border-bottom-color:#D9E9E7;border-bottom-style:solid;border-bottom-width:2px;border-left-color:#D9E9E7;border-left-style:solid;border-left-width:2px;min-height:365px;padding-top:24px;padding-right:24px;padding-bottom:24px;padding-left:24px\">\n<figure class=\"wp-block-image aligncenter size-full is-resized obb-icon-img\"><img loading=\"lazy\" decoding=\"async\" width=\"200\" height=\"200\" src=\"https:\/\/nomaddeskus.com\/wp-content\/uploads\/2024\/07\/ICON-SOLUTIONS-call.webp\" alt=\"\" class=\"wp-image-8266\" style=\"width:90px;height:auto\" srcset=\"https:\/\/nomaddeskus.com\/wp-content\/uploads\/2024\/07\/ICON-SOLUTIONS-call.webp 200w, https:\/\/nomaddeskus.com\/wp-content\/uploads\/2024\/07\/ICON-SOLUTIONS-call-150x150.webp 150w\" sizes=\"auto, (max-width: 200px) 100vw, 200px\" \/><\/figure>\n\n\n\n<div class=\"wp-block-group obb-icon-content is-layout-flow wp-container-core-group-is-layout-6d8aaa9a wp-block-group-is-layout-flow\">\n<h6 class=\"wp-block-heading has-text-align-center has-black-color has-text-color has-medium-font-size\" id=\"customizable\" style=\"line-height:1\"><strong>Aumento del volumen de llamadas<\/strong><\/h6>\n\n\n\n<p class=\"has-text-align-center\">Nuestra soluci\u00f3n condujo a una <strong>289%<\/strong> aumento en la cantidad de llamadas atendidas por semana, lo que permite a UCHCLA atender a una porci\u00f3n significativamente mayor de su comunidad.<\/p>\n<\/div>\n<\/div>\n<\/div>\n\n\n\n<div class=\"wp-block-column is-layout-flow wp-block-column-is-layout-flow\">\n<div class=\"wp-block-group has-white-background-color has-background is-layout-constrained wp-container-core-group-is-layout-5bd21058 wp-block-group-is-layout-constrained\" style=\"border-radius:12px;border-top-color:#D9E9E7;border-top-style:solid;border-top-width:2px;border-right-color:#D9E9E7;border-right-style:solid;border-right-width:2px;border-bottom-color:#D9E9E7;border-bottom-style:solid;border-bottom-width:2px;border-left-color:#D9E9E7;border-left-style:solid;border-left-width:2px;min-height:365px;padding-top:24px;padding-right:24px;padding-bottom:24px;padding-left:24px\">\n<figure class=\"wp-block-image aligncenter size-full is-resized obb-icon-img\"><img loading=\"lazy\" decoding=\"async\" width=\"200\" height=\"200\" src=\"https:\/\/nomaddeskus.com\/wp-content\/uploads\/2024\/07\/ICON-SOLUTIONS-timely.webp\" alt=\"\" class=\"wp-image-8254\" style=\"width:90px\" srcset=\"https:\/\/nomaddeskus.com\/wp-content\/uploads\/2024\/07\/ICON-SOLUTIONS-timely.webp 200w, https:\/\/nomaddeskus.com\/wp-content\/uploads\/2024\/07\/ICON-SOLUTIONS-timely-150x150.webp 150w\" sizes=\"auto, (max-width: 200px) 100vw, 200px\" \/><\/figure>\n\n\n\n<div class=\"wp-block-group obb-icon-content is-layout-flow wp-container-core-group-is-layout-6d8aaa9a wp-block-group-is-layout-flow\">\n<h6 class=\"wp-block-heading has-text-align-center has-black-color has-text-color has-medium-font-size\" id=\"customizable\" style=\"line-height:1\"><strong>Tiempos de espera reducidos<\/strong><\/h6>\n\n\n\n<p class=\"has-text-align-center\">El tiempo medio de espera de los pacientes se redujo en <strong>85%<\/strong>, mejorando dr\u00e1sticamente la experiencia del paciente y garantizando un acceso m\u00e1s r\u00e1pido a la atenci\u00f3n.<\/p>\n<\/div>\n<\/div>\n<\/div>\n\n\n\n<div class=\"wp-block-column is-vertically-aligned-center is-layout-flow wp-block-column-is-layout-flow\">\n<div class=\"wp-block-group has-white-background-color has-background is-layout-constrained wp-container-core-group-is-layout-5bd21058 wp-block-group-is-layout-constrained\" style=\"border-radius:12px;border-top-color:#D9E9E7;border-top-style:solid;border-top-width:2px;border-right-color:#D9E9E7;border-right-style:solid;border-right-width:2px;border-bottom-color:#D9E9E7;border-bottom-style:solid;border-bottom-width:2px;border-left-color:#D9E9E7;border-left-style:solid;border-left-width:2px;min-height:365px;padding-top:24px;padding-right:24px;padding-bottom:24px;padding-left:24px\">\n<figure class=\"wp-block-image aligncenter size-full is-resized obb-icon-img\"><img loading=\"lazy\" decoding=\"async\" width=\"200\" height=\"200\" src=\"https:\/\/nomaddeskus.com\/wp-content\/uploads\/2024\/07\/ICON-SOLUTIONS-05.webp\" alt=\"\" class=\"wp-image-8203\" style=\"width:90px\" srcset=\"https:\/\/nomaddeskus.com\/wp-content\/uploads\/2024\/07\/ICON-SOLUTIONS-05.webp 200w, https:\/\/nomaddeskus.com\/wp-content\/uploads\/2024\/07\/ICON-SOLUTIONS-05-150x150.webp 150w\" sizes=\"auto, (max-width: 200px) 100vw, 200px\" \/><\/figure>\n\n\n\n<div class=\"wp-block-group obb-icon-content is-layout-flow wp-container-core-group-is-layout-6d8aaa9a wp-block-group-is-layout-flow\">\n<h6 class=\"wp-block-heading has-text-align-center has-black-color has-text-color has-medium-font-size\" id=\"customizable\" style=\"line-height:1\"><strong>Resoluci\u00f3n de llamadas mejorada<\/strong><\/h6>\n\n\n\n<p class=\"has-text-align-center\">Con un <strong>57%<\/strong> Con un aumento en el porcentaje de llamadas respondidas, UCHCLA vio una mejora dram\u00e1tica en su capacidad para responder a las necesidades de los pacientes, alcanzando una impresionante tasa de resoluci\u00f3n de llamadas del 99,31%.<\/p>\n<\/div>\n<\/div>\n<\/div>\n<\/div>\n\n\n\n<p class=\"has-text-align-center has-bg-dark-color has-text-color has-link-color has-medium-font-size wp-elements-e265bde92f5b663bdeb5fbd740e099e9\">Nuestra asociaci\u00f3n con UCHCLA les ha permitido ampliar su alcance dentro de la comunidad del sur de Los \u00c1ngeles, lo que garantiza que m\u00e1s pacientes reciban servicios de atenci\u00f3n m\u00e9dica oportunos y efectivos. En Nomad Desk, estamos orgullosos de apoyar a las cl\u00ednicas comunitarias como UCHCLA en su misi\u00f3n de brindar atenci\u00f3n m\u00e9dica accesible y de calidad para todos.<br><\/p>\n<\/div>\n<\/div>\n\n\n\n<div class=\"wp-block-cover alignfull has-parallax\" style=\"border-style:none;border-width:0px;border-radius:0px;margin-top:0;margin-bottom:0;padding-top:0;padding-bottom:0;min-height:800px;aspect-ratio:unset;\"><div class=\"wp-block-cover__image-background wp-image-8235 has-parallax\" style=\"background-position:50% 50%;background-image:url(https:\/\/nomaddeskus.com\/wp-content\/uploads\/2024\/07\/contactFRM.webp)\"><\/div><span aria-hidden=\"true\" class=\"wp-block-cover__background has-black-background-color has-background-dim-30 has-background-dim\"><\/span><div class=\"wp-block-cover__inner-container is-layout-flow wp-block-cover-is-layout-flow\">\n<div class=\"wp-block-columns alignfull are-vertically-aligned-center is-not-stacked-on-mobile is-layout-flex wp-container-core-columns-is-layout-12af38aa wp-block-columns-is-layout-flex\" style=\"margin-top:0;margin-bottom:0;padding-top:0;padding-right:0px;padding-bottom:0;padding-left:84px\">\n<div class=\"wp-block-column is-vertically-aligned-center is-layout-constrained wp-container-core-column-is-layout-7db9d80f wp-block-column-is-layout-constrained\" style=\"padding-right:0;padding-left:0;flex-basis:49%\">\n<h2 class=\"wp-block-heading has-white-color has-text-color has-link-color wp-elements-2b3ec22345109dee8b5269bcea914163\"><strong>\u00bfListo para hacer crecer su negocio?<\/strong><\/h2>\n\n\n\n<p class=\"has-text-align-left has-medium-font-size\">\u00a1Cont\u00e1ctanos!<\/p>\n<\/div>\n\n\n\n<div class=\"wp-block-column is-vertically-aligned-center is-content-justification-right is-layout-constrained wp-container-core-column-is-layout-5c12a1d1 wp-block-column-is-layout-constrained\" style=\"border-style:none;border-width:0px;flex-basis:32%\"><div class=\"wp-block-jetpack-contact-form is-style-outlined wp-elements-a8f474f8239fd8bcf89a155c11e3270f\"><a href=\"https:\/\/nomaddeskus.com\/es\/case-uchcla\/\" target=\"_blank\" rel=\"noopener noreferrer\">Env\u00eda un formulario.<\/a><\/div><\/div>\n<\/div>\n<\/div><\/div>\n<\/div>","protected":false},"excerpt":{"rendered":"<p>Their problem As UCHCLA continued to grow and expand its services to meet the increasing healthcare demands of South Los Angeles, the clinic faced significant challenges in managing patient communication. The existing call center team was struggling to handle the rising volume of patient calls, leading to longer waiting times and a higher number of [&hellip;]<\/p>","protected":false},"author":5,"featured_media":0,"parent":0,"menu_order":0,"comment_status":"closed","ping_status":"closed","template":"template-blank","meta":{"footnotes":""},"class_list":["post-8380","page","type-page","status-publish","hentry"],"jetpack_sharing_enabled":true,"_links":{"self":[{"href":"https:\/\/nomaddeskus.com\/es\/wp-json\/wp\/v2\/pages\/8380","targetHints":{"allow":["GET"]}}],"collection":[{"href":"https:\/\/nomaddeskus.com\/es\/wp-json\/wp\/v2\/pages"}],"about":[{"href":"https:\/\/nomaddeskus.com\/es\/wp-json\/wp\/v2\/types\/page"}],"author":[{"embeddable":true,"href":"https:\/\/nomaddeskus.com\/es\/wp-json\/wp\/v2\/users\/5"}],"replies":[{"embeddable":true,"href":"https:\/\/nomaddeskus.com\/es\/wp-json\/wp\/v2\/comments?post=8380"}],"version-history":[{"count":9,"href":"https:\/\/nomaddeskus.com\/es\/wp-json\/wp\/v2\/pages\/8380\/revisions"}],"predecessor-version":[{"id":10650,"href":"https:\/\/nomaddeskus.com\/es\/wp-json\/wp\/v2\/pages\/8380\/revisions\/10650"}],"wp:attachment":[{"href":"https:\/\/nomaddeskus.com\/es\/wp-json\/wp\/v2\/media?parent=8380"}],"curies":[{"name":"wp","href":"https:\/\/api.w.org\/{rel}","templated":true}]}}