{"id":8391,"date":"2024-07-24T00:43:49","date_gmt":"2024-07-24T07:43:49","guid":{"rendered":"https:\/\/nomaddeskus.com\/?page_id=8391"},"modified":"2024-08-30T02:34:04","modified_gmt":"2024-08-30T09:34:04","slug":"pricing-3","status":"publish","type":"page","link":"https:\/\/nomaddeskus.com\/es\/pricing-3\/","title":{"rendered":"Precios"},"content":{"rendered":"<div class=\"wp-block-cover alignfull\" style=\"margin-top:0;margin-bottom:0;padding-top:0;padding-bottom:0;min-height:320px;aspect-ratio:unset;\"><span aria-hidden=\"true\" class=\"wp-block-cover__background has-vivid-cyan-blue-background-color has-background-dim-20 has-background-dim\"><\/span><img loading=\"lazy\" decoding=\"async\" width=\"1689\" height=\"677\" class=\"wp-block-cover__image-background wp-image-905\" alt=\"\" src=\"https:\/\/nomaddeskus.com\/wp-content\/uploads\/2018\/08\/pricing.png\" data-object-fit=\"cover\" srcset=\"https:\/\/nomaddeskus.com\/wp-content\/uploads\/2018\/08\/pricing.png 1689w, https:\/\/nomaddeskus.com\/wp-content\/uploads\/2018\/08\/pricing-600x240.png 600w, https:\/\/nomaddeskus.com\/wp-content\/uploads\/2018\/08\/pricing-300x120.png 300w, https:\/\/nomaddeskus.com\/wp-content\/uploads\/2018\/08\/pricing-768x308.png 768w, https:\/\/nomaddeskus.com\/wp-content\/uploads\/2018\/08\/pricing-1024x410.png 1024w\" sizes=\"auto, (max-width: 1689px) 100vw, 1689px\" \/><div class=\"wp-block-cover__inner-container is-layout-flow wp-container-core-cover-is-layout-76b37640 wp-block-cover-is-layout-flow\">\n<div class=\"wp-block-group alignwide obb-content is-layout-constrained wp-container-core-group-is-layout-254f1302 wp-block-group-is-layout-constrained\" style=\"padding-top:0;padding-right:0;padding-bottom:0;padding-left:0\">\n<div class=\"wp-block-group alignwide is-layout-flow wp-block-group-is-layout-flow\">\n<div style=\"height:140px\" aria-hidden=\"true\" class=\"wp-block-spacer\"><\/div>\n\n\n\n<h2 class=\"wp-block-heading has-text-align-center has-white-color has-text-color has-large-font-size\" id=\"the-future-of-wordpress-is-here\" style=\"font-style:normal;font-weight:300\"><strong>Soluciones asequibles y personalizadas para los FQHC<\/strong><\/h2>\n\n\n\n<p class=\"has-text-align-center has-medium-font-size\">Maximiza la eficiencia de tu cl\u00ednica y la atenci\u00f3n al paciente con soluciones de centro de llamadas rentables y personalizadas seg\u00fan sus necesidades. Ofreciendo soporte sin inconvenientes, en cualquier momento y a un precio que se adapta a los requisitos exclusivos de su cl\u00ednica.<span id=\"docs-internal-guid-f328a28d-7fff-4b9a-93cc-80842ed4f84c\"><div><span style=\"font-size: 11pt; font-family: Arial, sans-serif; color: rgb(0, 0, 0); background-color: transparent; font-variant-numeric: normal; font-variant-east-asian: normal; font-variant-alternates: normal; font-variant-position: normal; vertical-align: baseline;\"><\/span><span style=\"font-size: 11pt; font-family: Arial, sans-serif; color: rgb(0, 0, 0); background-color: transparent; font-variant-numeric: normal; font-variant-east-asian: normal; font-variant-alternates: normal; font-variant-position: normal; vertical-align: baseline;\"><\/span><\/div><\/span><\/p>\n\n\n\n<div style=\"height:110px\" aria-hidden=\"true\" class=\"wp-block-spacer\"><\/div>\n<\/div>\n<\/div>\n<\/div><\/div>\n\n\n\n<div class=\"wp-block-group alignfull is-layout-constrained wp-block-group-is-layout-constrained\">\n<div class=\"wp-block-columns alignfull are-vertically-aligned-center has-accent-secondary-background-color has-background is-layout-flex wp-container-core-columns-is-layout-09ff9031 wp-block-columns-is-layout-flex\" style=\"margin-top:0;margin-bottom:0;padding-top:var(--wp--preset--spacing--80);padding-bottom:var(--wp--preset--spacing--80)\">\n<div class=\"wp-block-column is-vertically-aligned-center is-layout-constrained wp-block-column-is-layout-constrained\">\n<h1 class=\"wp-block-heading has-text-align-center has-black-color has-text-color has-link-color has-large-font-size wp-elements-7ddeeeea786ae836f96d9df8935a1d54\" id=\"totally-customizable\" style=\"font-weight:300;line-height:1\"><strong>BENEFICIOS<\/strong><\/h1>\n\n\n\n<div class=\"wp-block-columns alignwide is-layout-flex wp-container-core-columns-is-layout-12d2a4a6 wp-block-columns-is-layout-flex\" style=\"margin-top:var(--wp--preset--spacing--40);margin-bottom:var(--wp--preset--spacing--40);padding-top:0;padding-right:0;padding-bottom:0;padding-left:0\">\n<div class=\"wp-block-column is-vertically-aligned-center is-layout-flow wp-container-core-column-is-layout-6e9d347c wp-block-column-is-layout-flow\">\n<div class=\"wp-block-group has-white-background-color has-background is-layout-constrained wp-container-core-group-is-layout-dc0c9796 wp-block-group-is-layout-constrained\" style=\"border-radius:12px;border-top-color:#D9E9E7;border-top-style:solid;border-top-width:2px;border-right-color:#D9E9E7;border-right-style:solid;border-right-width:2px;border-bottom-color:#D9E9E7;border-bottom-style:solid;border-bottom-width:2px;border-left-color:#D9E9E7;border-left-style:solid;border-left-width:2px;min-height:450px;padding-top:24px;padding-right:24px;padding-bottom:24px;padding-left:24px\">\n<figure class=\"wp-block-image aligncenter size-full is-resized obb-icon-img\"><img loading=\"lazy\" decoding=\"async\" width=\"200\" height=\"200\" src=\"https:\/\/nomaddeskus.com\/wp-content\/uploads\/2024\/08\/pricing.webp\" alt=\"\" class=\"wp-image-8627\" style=\"width:90px;height:auto\" srcset=\"https:\/\/nomaddeskus.com\/wp-content\/uploads\/2024\/08\/pricing.webp 200w, https:\/\/nomaddeskus.com\/wp-content\/uploads\/2024\/08\/pricing-150x150.webp 150w\" sizes=\"auto, (max-width: 200px) 100vw, 200px\" \/><\/figure>\n\n\n\n<div class=\"wp-block-group obb-icon-content is-layout-flow wp-container-core-group-is-layout-6d8aaa9a wp-block-group-is-layout-flow\">\n<h6 class=\"wp-block-heading has-text-align-center has-black-color has-text-color has-medium-font-size\" id=\"customizable\" style=\"line-height:1\"><strong>Precios personalizados, solo para ti<\/strong><\/h6>\n\n\n\n<p class=\"has-text-align-center\">Entendemos que cada cl\u00ednica es diferente. Por eso ofrecemos planes de precios personalizados adaptados a las necesidades espec\u00edficas de tu FQHC. Ya sea que se trate de gestionar derivaciones de pacientes, ofrecer asistencia fuera del horario laboral o gestionar la entrada de datos, solo paga por lo que necesitas, nada m\u00e1s y nada menos.<br><\/p>\n<\/div>\n<\/div>\n<\/div>\n\n\n\n<div class=\"wp-block-column is-layout-flow wp-block-column-is-layout-flow\">\n<div class=\"wp-block-group has-white-background-color has-background is-layout-constrained wp-container-core-group-is-layout-5bd21058 wp-block-group-is-layout-constrained\" style=\"border-radius:12px;border-top-color:#D9E9E7;border-top-style:solid;border-top-width:2px;border-right-color:#D9E9E7;border-right-style:solid;border-right-width:2px;border-bottom-color:#D9E9E7;border-bottom-style:solid;border-bottom-width:2px;border-left-color:#D9E9E7;border-left-style:solid;border-left-width:2px;min-height:450px;padding-top:24px;padding-right:24px;padding-bottom:24px;padding-left:24px\">\n<figure class=\"wp-block-image aligncenter size-full is-resized obb-icon-img\"><img loading=\"lazy\" decoding=\"async\" width=\"200\" height=\"200\" src=\"https:\/\/nomaddeskus.com\/wp-content\/uploads\/2024\/08\/value.webp\" alt=\"\" class=\"wp-image-8626\" style=\"width:90px\" srcset=\"https:\/\/nomaddeskus.com\/wp-content\/uploads\/2024\/08\/value.webp 200w, https:\/\/nomaddeskus.com\/wp-content\/uploads\/2024\/08\/value-150x150.webp 150w\" sizes=\"auto, (max-width: 200px) 100vw, 200px\" \/><\/figure>\n\n\n\n<div class=\"wp-block-group obb-icon-content is-layout-flow wp-container-core-group-is-layout-6d8aaa9a wp-block-group-is-layout-flow\">\n<h6 class=\"wp-block-heading has-text-align-center has-black-color has-text-color has-medium-font-size\" id=\"customizable\" style=\"line-height:1\"><strong>Rentable y orientado al valor<\/strong><\/h6>\n\n\n\n<p class=\"has-text-align-center\">Ahorra m\u00e1s externalizando tus necesidades de asistencia al paciente. Nuestro modelo operativo simplificado garantiza que ofrecemos servicios de alta calidad a un coste menor que el de nuestros competidores, lo que le permite centrar sus recursos en la atenci\u00f3n al paciente en lugar de en los gastos operativos internos.<br><\/p>\n<\/div>\n<\/div>\n<\/div>\n\n\n\n<div class=\"wp-block-column is-vertically-aligned-center is-layout-flow wp-block-column-is-layout-flow\">\n<div class=\"wp-block-group has-white-background-color has-background is-layout-constrained wp-container-core-group-is-layout-5bd21058 wp-block-group-is-layout-constrained\" style=\"border-radius:12px;border-top-color:#D9E9E7;border-top-style:solid;border-top-width:2px;border-right-color:#D9E9E7;border-right-style:solid;border-right-width:2px;border-bottom-color:#D9E9E7;border-bottom-style:solid;border-bottom-width:2px;border-left-color:#D9E9E7;border-left-style:solid;border-left-width:2px;min-height:450px;padding-top:24px;padding-right:24px;padding-bottom:24px;padding-left:24px\">\n<figure class=\"wp-block-image aligncenter size-full is-resized obb-icon-img\"><img loading=\"lazy\" decoding=\"async\" width=\"200\" height=\"200\" src=\"https:\/\/nomaddeskus.com\/wp-content\/uploads\/2024\/08\/expertise.webp\" alt=\"\" class=\"wp-image-8628\" style=\"width:90px\" srcset=\"https:\/\/nomaddeskus.com\/wp-content\/uploads\/2024\/08\/expertise.webp 200w, https:\/\/nomaddeskus.com\/wp-content\/uploads\/2024\/08\/expertise-150x150.webp 150w\" sizes=\"auto, (max-width: 200px) 100vw, 200px\" \/><\/figure>\n\n\n\n<div class=\"wp-block-group obb-icon-content is-layout-flow wp-container-core-group-is-layout-6d8aaa9a wp-block-group-is-layout-flow\">\n<h6 class=\"wp-block-heading has-text-align-center has-black-color has-text-color has-medium-font-size\" id=\"customizable\" style=\"line-height:1\"><strong>Experiencia en FQHC<\/strong><\/h6>\n\n\n\n<p class=\"has-text-align-center\">Nuestro profundo conocimiento de las necesidades \u00fanicas de los FQHC nos brinda una ventaja competitiva. Desde optimizar las derivaciones de pacientes hasta mejorar la retenci\u00f3n, brindamos servicios que mejoran tanto la eficiencia como la satisfacci\u00f3n del paciente y, al mismo tiempo, mantienen los costos bajos.<br><\/p>\n<\/div>\n<\/div>\n<\/div>\n<\/div>\n<\/div>\n<\/div>\n<\/div>\n\n\n\n<div class=\"wp-block-group alignfull is-layout-constrained wp-block-group-is-layout-constrained\">\n<p><style>\/*! elementor - v3.6.1 - 23-03-2022 *\/&amp;lt;br \/>&lt;br>.elementor-widget-image{text-align:center}.elementor-widget-image a{display:inline-block}.elementor-widget-image a img[src$=\".svg\"]{width:48px}.elementor-widget-image img{vertical-align:middle;display:inline-block}<\/style><\/p>\n\n\n\n<h4 class=\"wp-block-heading alignwide has-text-align-center has-bg-dark-color has-text-color has-medium-font-size\" id=\"block-based-goodness\" style=\"font-style:normal;font-weight:400\">En Nomad Desk, creemos en la transparencia. Nuestra estructura de precios es f\u00e1cil de entender y se adapta a las necesidades de tu cl\u00ednica. Tenemos en cuenta factores como la cantidad de derivaciones gestionadas, las horas de servicio requeridas y el volumen de llamadas entrantes y salientes. Ya sea que busques asistencia fuera del horario laboral o una soluci\u00f3n integral de derivaciones de pacientes, ofrecemos opciones de precios flexibles que se adaptan a tu cl\u00ednica.<\/h4>\n\n\n\n<h4 class=\"wp-block-heading alignwide has-text-align-center has-bg-dark-color has-text-color has-medium-font-size\" id=\"block-based-goodness\" style=\"font-style:normal;font-weight:400\">Cont\u00e1ctanos hoy para obtener una cotizaci\u00f3n personalizada que se ajuste a las necesidades espec\u00edficas de tu FQHC. Nos aseguraremos de que obtengas el m\u00e1ximo valor de tu inversi\u00f3n, sin el dolor de cabeza que supone contratar personal adicional, capacitaci\u00f3n o costos tecnol\u00f3gicos.<\/h4>\n\n\n\n<div class=\"wp-block-group alignwide is-layout-constrained wp-block-group-is-layout-constrained\">\n<div class=\"wp-block-group alignwide animate__fadeIn has-bg-dark-background-color has-background is-layout-constrained wp-container-core-group-is-layout-254f1302 wp-block-group-is-layout-constrained\" style=\"border-radius:12px;padding-top:0;padding-right:0;padding-bottom:0;padding-left:0\">\n<div class=\"wp-block-columns alignwide are-vertically-aligned-center is-layout-flex wp-container-core-columns-is-layout-a6a6b1c4 wp-block-columns-is-layout-flex\" style=\"padding-top:48px;padding-right:48px;padding-bottom:48px;padding-left:48px\">\n<div class=\"wp-block-column is-vertically-aligned-center is-layout-flow wp-block-column-is-layout-flow\" style=\"flex-basis:100%\">\n<h4 class=\"wp-block-heading has-text-align-left has-white-color has-text-color has-medium-font-size\" id=\"block-based-goodness\" style=\"font-style:normal;font-weight:400\">Adem\u00e1s de precios competitivos, ofrecemos la ventaja de una integraci\u00f3n perfecta con las operaciones existentes de tu cl\u00ednica. Nuestros servicios est\u00e1n dise\u00f1ados para mejorar la eficiencia y la experiencia del paciente, al mismo tiempo que garantizamos que tu presupuesto se mantenga bajo control. Ya sea que tengas una cl\u00ednica peque\u00f1a o un FQHC m\u00e1s grande, tenemos un paquete que se adapta a tus requisitos operativos. <\/h4>\n\n\n\n<p class=\"has-text-align-left has-white-color has-text-color has-link-color has-medium-font-size wp-elements-a0ed15b3cea823d55c03759daace57bb\">Perm\u00edtenos mostrarte c\u00f3mo podemos mejorar el rendimiento de tu cl\u00ednica manteniendo bajos tus costos.<\/p>\n<\/div>\n<\/div>\n<\/div>\n<\/div>\n\n\n\n<div style=\"height:100px\" aria-hidden=\"true\" class=\"wp-block-spacer\"><\/div>\n\n\n\n<div class=\"wp-block-cover alignfull has-parallax\" style=\"border-style:none;border-width:0px;border-radius:0px;margin-top:0;margin-bottom:0;padding-top:0;padding-bottom:0;min-height:390px;aspect-ratio:unset;\"><span aria-hidden=\"true\" class=\"wp-block-cover__background has-black-background-color has-background-dim-60 has-background-dim\"><\/span><div class=\"wp-block-cover__image-background wp-image-8505 has-parallax\" style=\"background-position:50% 50%;background-image:url(https:\/\/nomaddeskus.com\/wp-content\/uploads\/2024\/08\/BG-Cases-N-copy.webp)\"><\/div><div class=\"wp-block-cover__inner-container is-layout-flow wp-block-cover-is-layout-flow\">\n<div class=\"wp-block-columns alignfull are-vertically-aligned-center is-not-stacked-on-mobile is-layout-flex wp-container-core-columns-is-layout-12af38aa wp-block-columns-is-layout-flex\" style=\"margin-top:0;margin-bottom:0;padding-top:0;padding-right:0px;padding-bottom:0;padding-left:84px\">\n<div class=\"wp-block-column is-vertically-aligned-center is-layout-constrained wp-container-core-column-is-layout-7db9d80f wp-block-column-is-layout-constrained\" style=\"padding-right:0;padding-left:0;flex-basis:100%\">\n<h2 class=\"wp-block-heading has-text-align-center has-white-color has-text-color has-link-color wp-elements-d215bf9caffa19db9c638b373b10ff70\"><strong>\u00bfA\u00fan est\u00e1s tratando de determinar tus necesidades?<\/strong><\/h2>\n\n\n\n<p class=\"has-text-align-center has-medium-font-size\">\u00a1No hay problema! Comun\u00edcate con uno de nuestros asesores de servicios y colaboraremos para dise\u00f1ar la soluci\u00f3n perfecta para ti.<\/p>\n\n\n\n<div class=\"wp-block-buttons is-content-justification-center is-layout-flex wp-container-core-buttons-is-layout-a89b3969 wp-block-buttons-is-layout-flex\">\n<div class=\"wp-block-button\" style=\"text-transform:capitalize\"><a class=\"wp-block-button__link has-dark-gray-color has-white-background-color has-text-color has-background has-link-color has-text-align-center wp-element-button\" href=\"https:\/\/nomaddeskus.com\/es\/contact\/\" style=\"border-radius:100px\">Conecta con nosotros!<\/a><\/div>\n<\/div>\n<\/div>\n<\/div>\n<\/div><\/div>\n<\/div>","protected":false},"excerpt":{"rendered":"<p>BENEFITS Customized Pricing, Just for You We understand that every clinic is different. That\u2019s why we offer personalized pricing plans tailored to the specific needs of your FQHC. Whether it\u2019s handling patient referrals, offering after-hours support, or managing data entry, you only pay for what you need\u2014nothing more, nothing less. Cost-Effective &amp; Value-Driven Save more [&hellip;]<\/p>","protected":false},"author":8,"featured_media":0,"parent":0,"menu_order":0,"comment_status":"closed","ping_status":"closed","template":"template-blank","meta":{"footnotes":""},"class_list":["post-8391","page","type-page","status-publish","hentry"],"jetpack_sharing_enabled":true,"_links":{"self":[{"href":"https:\/\/nomaddeskus.com\/es\/wp-json\/wp\/v2\/pages\/8391","targetHints":{"allow":["GET"]}}],"collection":[{"href":"https:\/\/nomaddeskus.com\/es\/wp-json\/wp\/v2\/pages"}],"about":[{"href":"https:\/\/nomaddeskus.com\/es\/wp-json\/wp\/v2\/types\/page"}],"author":[{"embeddable":true,"href":"https:\/\/nomaddeskus.com\/es\/wp-json\/wp\/v2\/users\/8"}],"replies":[{"embeddable":true,"href":"https:\/\/nomaddeskus.com\/es\/wp-json\/wp\/v2\/comments?post=8391"}],"version-history":[{"count":15,"href":"https:\/\/nomaddeskus.com\/es\/wp-json\/wp\/v2\/pages\/8391\/revisions"}],"predecessor-version":[{"id":8637,"href":"https:\/\/nomaddeskus.com\/es\/wp-json\/wp\/v2\/pages\/8391\/revisions\/8637"}],"wp:attachment":[{"href":"https:\/\/nomaddeskus.com\/es\/wp-json\/wp\/v2\/media?parent=8391"}],"curies":[{"name":"wp","href":"https:\/\/api.w.org\/{rel}","templated":true}]}}