{"id":8494,"date":"2024-08-11T21:57:13","date_gmt":"2024-08-12T04:57:13","guid":{"rendered":"https:\/\/nomaddeskus.com\/?page_id=8494"},"modified":"2025-10-30T12:31:45","modified_gmt":"2025-10-30T19:31:45","slug":"case-umma","status":"publish","type":"page","link":"https:\/\/nomaddeskus.com\/es\/case-umma\/","title":{"rendered":"Caso: UMMA"},"content":{"rendered":"<div class=\"wp-block-group alignfull is-layout-constrained wp-block-group-is-layout-constrained\">\n<div class=\"wp-block-cover alignfull\" style=\"margin-top:0;margin-bottom:0;padding-top:0;padding-bottom:0;min-height:500px;aspect-ratio:unset;\"><img loading=\"lazy\" decoding=\"async\" width=\"1920\" height=\"1080\" class=\"wp-block-cover__image-background wp-image-8505\" alt=\"\" src=\"https:\/\/nomaddeskus.com\/wp-content\/uploads\/2024\/08\/BG-Cases-N-copy.webp\" data-object-fit=\"cover\" srcset=\"https:\/\/nomaddeskus.com\/wp-content\/uploads\/2024\/08\/BG-Cases-N-copy.webp 1920w, https:\/\/nomaddeskus.com\/wp-content\/uploads\/2024\/08\/BG-Cases-N-copy-300x169.webp 300w, https:\/\/nomaddeskus.com\/wp-content\/uploads\/2024\/08\/BG-Cases-N-copy-1024x576.webp 1024w, https:\/\/nomaddeskus.com\/wp-content\/uploads\/2024\/08\/BG-Cases-N-copy-768x432.webp 768w, https:\/\/nomaddeskus.com\/wp-content\/uploads\/2024\/08\/BG-Cases-N-copy-1536x864.webp 1536w\" sizes=\"auto, (max-width: 1920px) 100vw, 1920px\" \/><span aria-hidden=\"true\" class=\"wp-block-cover__background has-black-background-color has-background-dim-60 has-background-dim\"><\/span><div class=\"wp-block-cover__inner-container is-layout-flow wp-block-cover-is-layout-flow\">\n<div class=\"wp-block-group alignwide obb-content is-layout-constrained wp-container-core-group-is-layout-254f1302 wp-block-group-is-layout-constrained\" style=\"padding-top:0;padding-right:0;padding-bottom:0;padding-left:0\">\n<div class=\"wp-block-group alignwide is-layout-flow wp-block-group-is-layout-flow\">\n<div style=\"height:100px\" aria-hidden=\"true\" class=\"wp-block-spacer\"><\/div>\n\n\n\n<h2 class=\"wp-block-heading has-text-align-center has-white-color has-text-color has-extra-large-font-size\" id=\"the-future-of-wordpress-is-here\" style=\"font-style:normal;font-weight:300\"><strong>ACERCA DE UMMA<\/strong><\/h2>\n\n\n\n<p class=\"has-text-align-center has-medium-font-size\">UMMA se considera parte de una red m\u00e1s amplia de instituciones que abordan la salud y el bienestar de los desfavorecidos e indigentes, teniendo en cuenta las realidades culturales, espirituales, sociales y econ\u00f3micas que los afectan y las barreras tradicionales para acceder a la atenci\u00f3n.<\/p>\n<\/div>\n<\/div>\n<\/div><\/div>\n\n\n\n<div class=\"wp-block-columns alignfull are-vertically-aligned-center has-white-background-color has-background is-layout-flex wp-container-core-columns-is-layout-09ff9031 wp-block-columns-is-layout-flex\" style=\"margin-top:0;margin-bottom:0;padding-top:var(--wp--preset--spacing--80);padding-bottom:var(--wp--preset--spacing--80)\">\n<div class=\"wp-block-column is-vertically-aligned-center is-layout-constrained wp-block-column-is-layout-constrained\">\n<h3 class=\"wp-block-heading has-text-align-center\">SITUACI\u00d3N<\/h3>\n\n\n\n<p class=\"has-text-align-center has-medium-font-size\">Nos dimos cuenta por primera vez de los desaf\u00edos operativos de la Cl\u00ednica Comunitaria UMMA a trav\u00e9s de una recomendaci\u00f3n de otra cl\u00ednica en Los \u00c1ngeles. Al reconocer la necesidad de mejorar los servicios del centro de llamadas, los directivos de UMMA se pusieron en contacto con nosotros para obtener m\u00e1s informaci\u00f3n. Para evaluar adecuadamente la situaci\u00f3n de la cl\u00ednica antes de proponer una soluci\u00f3n, realizamos un an\u00e1lisis detallado, incluido un informe para marzo de 2023, un mes antes de que comenz\u00e1ramos a brindar nuestros servicios.<br><\/p>\n<\/div>\n<\/div>\n\n\n\n<div class=\"wp-block-media-text alignfull has-media-on-the-right is-stacked-on-mobile is-vertically-aligned-center is-image-fill-element has-bg-light-background-color has-background\" style=\"margin-top:0;margin-bottom:0\"><div class=\"wp-block-media-text__content\">\n<div class=\"wp-block-group is-layout-constrained wp-container-core-group-is-layout-0e39ab40 wp-block-group-is-layout-constrained\">\n<div style=\"height:120px\" aria-hidden=\"true\" class=\"wp-block-spacer\"><\/div>\n\n\n\n<h2 class=\"wp-block-heading has-large-font-size\" id=\"wordpress-websites-just-got-so-much-easier-with-stax\" style=\"font-weight:400;line-height:1.5\"><strong>Su problema<\/strong><\/h2>\n\n\n\n<div class=\"wp-block-group animate__fadeInLeft is-layout-constrained wp-block-group-is-layout-constrained\">\n<p>La Cl\u00ednica Comunitaria UMMA se enfrent\u00f3 a desaf\u00edos significativos en la gesti\u00f3n de llamadas de pacientes sin un personal de centro de llamadas dedicado. El personal existente de la cl\u00ednica tuvo que dividir su atenci\u00f3n entre la atenci\u00f3n al paciente en la cl\u00ednica y la respuesta a las llamadas de los pacientes, lo que gener\u00f3 ineficiencias. La capacidad diaria de llamadas de la cl\u00ednica se limit\u00f3 a alrededor de 122 llamadas respondidas, con una baja tasa de aceptaci\u00f3n del 67,62%. Los pacientes enfrentaron largos tiempos de espera, a veces de hasta 6 minutos, lo que gener\u00f3 frustraci\u00f3n e insatisfacci\u00f3n. Si bien el tiempo promedio de manejo de 3:18 y el tiempo promedio de espera de 32 segundos estaban dentro de rangos aceptables, la ausencia de un equipo de centro de llamadas enfocado fue un cuello de botella cr\u00edtico, que afect\u00f3 la atenci\u00f3n general al paciente.<br><\/p>\n\n\n\n<div style=\"height:120px\" aria-hidden=\"true\" class=\"wp-block-spacer\"><\/div>\n<\/div>\n<\/div>\n<\/div><figure class=\"wp-block-media-text__media\"><img loading=\"lazy\" decoding=\"async\" width=\"1024\" height=\"683\" src=\"https:\/\/nomaddeskus.com\/wp-content\/uploads\/2024\/07\/clinic-growth_.webp\" alt=\"\" class=\"wp-image-8021 size-full\" style=\"object-position:50% 50%\" srcset=\"https:\/\/nomaddeskus.com\/wp-content\/uploads\/2024\/07\/clinic-growth_.webp 1024w, https:\/\/nomaddeskus.com\/wp-content\/uploads\/2024\/07\/clinic-growth_-300x200.webp 300w, https:\/\/nomaddeskus.com\/wp-content\/uploads\/2024\/07\/clinic-growth_-768x512.webp 768w, https:\/\/nomaddeskus.com\/wp-content\/uploads\/2024\/07\/clinic-growth_-980x654.webp 980w\" sizes=\"auto, (max-width: 1024px) 100vw, 1024px\" \/><\/figure><\/div>\n\n\n\n<div class=\"wp-block-columns alignfull are-vertically-aligned-center has-white-background-color has-background is-layout-flex wp-container-core-columns-is-layout-09ff9031 wp-block-columns-is-layout-flex\" style=\"margin-top:0;margin-bottom:0;padding-top:var(--wp--preset--spacing--80);padding-bottom:var(--wp--preset--spacing--80)\">\n<div class=\"wp-block-column is-vertically-aligned-center is-layout-constrained wp-block-column-is-layout-constrained\">\n<h3 class=\"wp-block-heading has-text-align-center\">NUESTRA SOLUCI\u00d3N<\/h3>\n\n\n\n<p class=\"has-text-align-center has-medium-font-size\">Para abordar estos desaf\u00edos, implementamos una soluci\u00f3n de centro de llamadas especializada que mejor\u00f3 significativamente la eficiencia y la satisfacci\u00f3n del paciente:<\/p>\n\n\n\n<div class=\"wp-block-columns alignwide is-layout-flex wp-container-core-columns-is-layout-97aa2c50 wp-block-columns-is-layout-flex\" style=\"margin-top:var(--wp--preset--spacing--40);margin-bottom:var(--wp--preset--spacing--40);padding-top:0;padding-right:0;padding-bottom:0;padding-left:0\">\n<div class=\"wp-block-column is-vertically-aligned-center is-layout-flow wp-container-core-column-is-layout-6e9d347c wp-block-column-is-layout-flow\">\n<div class=\"wp-block-group has-white-background-color has-background is-layout-constrained wp-container-core-group-is-layout-dc0c9796 wp-block-group-is-layout-constrained\" style=\"border-radius:12px;border-top-color:#D9E9E7;border-top-style:solid;border-top-width:2px;border-right-color:#D9E9E7;border-right-style:solid;border-right-width:2px;border-bottom-color:#D9E9E7;border-bottom-style:solid;border-bottom-width:2px;border-left-color:#D9E9E7;border-left-style:solid;border-left-width:2px;min-height:400px;padding-top:24px;padding-right:24px;padding-bottom:24px;padding-left:24px\">\n<figure class=\"wp-block-image aligncenter size-full is-resized obb-icon-img\"><img loading=\"lazy\" decoding=\"async\" width=\"200\" height=\"200\" src=\"https:\/\/nomaddeskus.com\/wp-content\/uploads\/2024\/08\/ICON-SOLUTIONS-umma01.webp\" alt=\"\" class=\"wp-image-8600\" style=\"width:90px;height:auto\" srcset=\"https:\/\/nomaddeskus.com\/wp-content\/uploads\/2024\/08\/ICON-SOLUTIONS-umma01.webp 200w, https:\/\/nomaddeskus.com\/wp-content\/uploads\/2024\/08\/ICON-SOLUTIONS-umma01-150x150.webp 150w\" sizes=\"auto, (max-width: 200px) 100vw, 200px\" \/><\/figure>\n\n\n\n<div class=\"wp-block-group obb-icon-content is-layout-flow wp-container-core-group-is-layout-6d8aaa9a wp-block-group-is-layout-flow\">\n<h6 class=\"wp-block-heading has-text-align-center has-black-color has-text-color has-medium-font-size\" id=\"customizable\" style=\"line-height:1\"><strong>Equipo de Centro de Llamadas Dedicado<\/strong><\/h6>\n\n\n\n<p class=\"has-text-align-center\">Proporcionamos un equipo de agentes bien capacitados enfocados exclusivamente en manejar llamadas de pacientes, lo que permiti\u00f3 que el personal de la cl\u00ednica de UMMA se concentrara en la atenci\u00f3n directa al paciente.<\/p>\n<\/div>\n<\/div>\n<\/div>\n\n\n\n<div class=\"wp-block-column is-layout-flow wp-block-column-is-layout-flow\">\n<div class=\"wp-block-group has-white-background-color has-background is-layout-constrained wp-container-core-group-is-layout-5bd21058 wp-block-group-is-layout-constrained\" style=\"border-radius:12px;border-top-color:#D9E9E7;border-top-style:solid;border-top-width:2px;border-right-color:#D9E9E7;border-right-style:solid;border-right-width:2px;border-bottom-color:#D9E9E7;border-bottom-style:solid;border-bottom-width:2px;border-left-color:#D9E9E7;border-left-style:solid;border-left-width:2px;min-height:400px;padding-top:24px;padding-right:24px;padding-bottom:24px;padding-left:24px\">\n<figure class=\"wp-block-image aligncenter size-full is-resized obb-icon-img\"><img loading=\"lazy\" decoding=\"async\" width=\"200\" height=\"200\" src=\"https:\/\/nomaddeskus.com\/wp-content\/uploads\/2024\/08\/ICON-SOLUTIONS-umma02.webp\" alt=\"\" class=\"wp-image-8599\" style=\"width:90px\" srcset=\"https:\/\/nomaddeskus.com\/wp-content\/uploads\/2024\/08\/ICON-SOLUTIONS-umma02.webp 200w, https:\/\/nomaddeskus.com\/wp-content\/uploads\/2024\/08\/ICON-SOLUTIONS-umma02-150x150.webp 150w\" sizes=\"auto, (max-width: 200px) 100vw, 200px\" \/><\/figure>\n\n\n\n<div class=\"wp-block-group obb-icon-content is-layout-flow wp-container-core-group-is-layout-6d8aaa9a wp-block-group-is-layout-flow\">\n<h6 class=\"wp-block-heading has-text-align-center has-black-color has-text-color has-medium-font-size\" id=\"customizable\" style=\"line-height:1\"><strong>Entrenamiento Comprensivo<\/strong><\/h6>\n\n\n\n<p class=\"has-text-align-center\">Nuestros agentes reciben una formaci\u00f3n exhaustiva que les garantiza conocer a la perfecci\u00f3n los protocolos y procedimientos de UMMA. La formaci\u00f3n continua y la supervisi\u00f3n es fundamental para mantener altos est\u00e1ndares.<\/p>\n<\/div>\n<\/div>\n<\/div>\n\n\n\n<div class=\"wp-block-column is-vertically-aligned-center is-layout-flow wp-block-column-is-layout-flow\">\n<div class=\"wp-block-group has-white-background-color has-background is-layout-constrained wp-container-core-group-is-layout-5bd21058 wp-block-group-is-layout-constrained\" style=\"border-radius:12px;border-top-color:#D9E9E7;border-top-style:solid;border-top-width:2px;border-right-color:#D9E9E7;border-right-style:solid;border-right-width:2px;border-bottom-color:#D9E9E7;border-bottom-style:solid;border-bottom-width:2px;border-left-color:#D9E9E7;border-left-style:solid;border-left-width:2px;min-height:400px;padding-top:24px;padding-right:24px;padding-bottom:24px;padding-left:24px\">\n<figure class=\"wp-block-image aligncenter size-full is-resized obb-icon-img\"><img loading=\"lazy\" decoding=\"async\" width=\"200\" height=\"200\" src=\"https:\/\/nomaddeskus.com\/wp-content\/uploads\/2024\/08\/ICON-SOLUTIONS-umma03.webp\" alt=\"\" class=\"wp-image-8598\" style=\"width:90px\" srcset=\"https:\/\/nomaddeskus.com\/wp-content\/uploads\/2024\/08\/ICON-SOLUTIONS-umma03.webp 200w, https:\/\/nomaddeskus.com\/wp-content\/uploads\/2024\/08\/ICON-SOLUTIONS-umma03-150x150.webp 150w\" sizes=\"auto, (max-width: 200px) 100vw, 200px\" \/><\/figure>\n\n\n\n<div class=\"wp-block-group obb-icon-content is-layout-flow wp-container-core-group-is-layout-6d8aaa9a wp-block-group-is-layout-flow\">\n<h6 class=\"wp-block-heading has-text-align-center has-black-color has-text-color has-medium-font-size\" id=\"customizable\" style=\"line-height:1\"><strong>Soporte En Sitio<\/strong><\/h6>\n\n\n\n<p class=\"has-text-align-center\">Para garantizar una integraci\u00f3n fluida y mejorar la retenci\u00f3n del personal, asignamos dos empleados experimentados al centro de atenci\u00f3n telef\u00f3nica de UMMA. Este enfoque pr\u00e1ctico nos permiti\u00f3 abordar r\u00e1pidamente cualquier problema operativo.<\/p>\n<\/div>\n<\/div>\n<\/div>\n\n\n\n<div class=\"wp-block-column is-vertically-aligned-center is-layout-flow wp-block-column-is-layout-flow\">\n<div class=\"wp-block-group has-white-background-color has-background is-layout-constrained wp-container-core-group-is-layout-5bd21058 wp-block-group-is-layout-constrained\" style=\"border-radius:12px;border-top-color:#D9E9E7;border-top-style:solid;border-top-width:2px;border-right-color:#D9E9E7;border-right-style:solid;border-right-width:2px;border-bottom-color:#D9E9E7;border-bottom-style:solid;border-bottom-width:2px;border-left-color:#D9E9E7;border-left-style:solid;border-left-width:2px;min-height:400px;padding-top:24px;padding-right:24px;padding-bottom:24px;padding-left:24px\">\n<figure class=\"wp-block-image aligncenter size-full is-resized obb-icon-img\"><img loading=\"lazy\" decoding=\"async\" width=\"200\" height=\"200\" src=\"https:\/\/nomaddeskus.com\/wp-content\/uploads\/2024\/08\/ICON-SOLUTIONS-umma04.webp\" alt=\"\" class=\"wp-image-8597\" style=\"width:90px\" srcset=\"https:\/\/nomaddeskus.com\/wp-content\/uploads\/2024\/08\/ICON-SOLUTIONS-umma04.webp 200w, https:\/\/nomaddeskus.com\/wp-content\/uploads\/2024\/08\/ICON-SOLUTIONS-umma04-150x150.webp 150w\" sizes=\"auto, (max-width: 200px) 100vw, 200px\" \/><\/figure>\n\n\n\n<div class=\"wp-block-group obb-icon-content is-layout-flow wp-container-core-group-is-layout-6d8aaa9a wp-block-group-is-layout-flow\">\n<h6 class=\"wp-block-heading has-text-align-center has-black-color has-text-color has-medium-font-size\" id=\"customizable\" style=\"line-height:1\"><strong>Monitoreo del Rendimiento<\/strong><\/h6>\n\n\n\n<p class=\"has-text-align-center\">Utilizamos herramientas de monitoreo avanzadas e informes regulares para rastrear la productividad y la calidad de las llamadas, lo que nos permiti\u00f3 realizar ajustes en tiempo real y mantener altos niveles de servicio.<\/p>\n<\/div>\n<\/div>\n<\/div>\n<\/div>\n<\/div>\n<\/div>\n\n\n\n<div class=\"wp-block-columns alignfull are-vertically-aligned-center has-accent-secondary-background-color has-background is-layout-flex wp-container-core-columns-is-layout-09ff9031 wp-block-columns-is-layout-flex\" style=\"margin-top:0;margin-bottom:0;padding-top:var(--wp--preset--spacing--80);padding-bottom:var(--wp--preset--spacing--80)\">\n<div class=\"wp-block-column is-vertically-aligned-center is-layout-constrained wp-block-column-is-layout-constrained\">\n<h3 class=\"wp-block-heading has-text-align-center\">LOS RESULTADOS<\/h3>\n\n\n\n<p class=\"has-text-align-center has-medium-font-size\">Nuestras soluciones personalizadas dieron lugar a mejoras significativas en los indicadores clave de rendimiento:<br><\/p>\n\n\n\n<div class=\"wp-block-columns alignwide is-layout-flex wp-container-core-columns-is-layout-12d2a4a6 wp-block-columns-is-layout-flex\" style=\"margin-top:var(--wp--preset--spacing--40);margin-bottom:var(--wp--preset--spacing--40);padding-top:0;padding-right:0;padding-bottom:0;padding-left:0\">\n<div class=\"wp-block-column is-vertically-aligned-center is-layout-flow wp-container-core-column-is-layout-6e9d347c wp-block-column-is-layout-flow\">\n<div class=\"wp-block-group has-white-background-color has-background is-layout-constrained wp-container-core-group-is-layout-dc0c9796 wp-block-group-is-layout-constrained\" style=\"border-radius:12px;border-top-color:#D9E9E7;border-top-style:solid;border-top-width:2px;border-right-color:#D9E9E7;border-right-style:solid;border-right-width:2px;border-bottom-color:#D9E9E7;border-bottom-style:solid;border-bottom-width:2px;border-left-color:#D9E9E7;border-left-style:solid;border-left-width:2px;min-height:320px;padding-top:24px;padding-right:24px;padding-bottom:24px;padding-left:24px\">\n<figure class=\"wp-block-image aligncenter size-full is-resized obb-icon-img\"><img loading=\"lazy\" decoding=\"async\" width=\"200\" height=\"200\" src=\"https:\/\/nomaddeskus.com\/wp-content\/uploads\/2024\/07\/ICON-SOLUTIONS-call.webp\" alt=\"\" class=\"wp-image-8266\" style=\"width:90px;height:auto\" srcset=\"https:\/\/nomaddeskus.com\/wp-content\/uploads\/2024\/07\/ICON-SOLUTIONS-call.webp 200w, https:\/\/nomaddeskus.com\/wp-content\/uploads\/2024\/07\/ICON-SOLUTIONS-call-150x150.webp 150w\" sizes=\"auto, (max-width: 200px) 100vw, 200px\" \/><\/figure>\n\n\n\n<div class=\"wp-block-group obb-icon-content is-layout-flow wp-container-core-group-is-layout-6d8aaa9a wp-block-group-is-layout-flow\">\n<h6 class=\"wp-block-heading has-text-align-center has-black-color has-text-color has-medium-font-size\" id=\"customizable\" style=\"line-height:1\"><strong>Llamadas de Pacientes<\/strong><\/h6>\n\n\n\n<p class=\"has-text-align-center\">Aument\u00f3 del 67,62 % en marzo de 2023 al 92,58 % en marzo de 2024, lo que demuestra una mejora sustancial en la capacidad de la cl\u00ednica para gestionar las llamadas de los pacientes de manera eficaz.<\/p>\n<\/div>\n<\/div>\n<\/div>\n\n\n\n<div class=\"wp-block-column is-layout-flow wp-block-column-is-layout-flow\">\n<div class=\"wp-block-group has-white-background-color has-background is-layout-constrained wp-container-core-group-is-layout-5bd21058 wp-block-group-is-layout-constrained\" style=\"border-radius:12px;border-top-color:#D9E9E7;border-top-style:solid;border-top-width:2px;border-right-color:#D9E9E7;border-right-style:solid;border-right-width:2px;border-bottom-color:#D9E9E7;border-bottom-style:solid;border-bottom-width:2px;border-left-color:#D9E9E7;border-left-style:solid;border-left-width:2px;min-height:320px;padding-top:24px;padding-right:24px;padding-bottom:24px;padding-left:24px\">\n<figure class=\"wp-block-image aligncenter size-full is-resized obb-icon-img\"><img loading=\"lazy\" decoding=\"async\" width=\"200\" height=\"200\" src=\"https:\/\/nomaddeskus.com\/wp-content\/uploads\/2024\/08\/icon-pep-n-5.webp\" alt=\"\" class=\"wp-image-8532\" style=\"width:90px\" srcset=\"https:\/\/nomaddeskus.com\/wp-content\/uploads\/2024\/08\/icon-pep-n-5.webp 200w, https:\/\/nomaddeskus.com\/wp-content\/uploads\/2024\/08\/icon-pep-n-5-150x150.webp 150w\" sizes=\"auto, (max-width: 200px) 100vw, 200px\" \/><\/figure>\n\n\n\n<div class=\"wp-block-group obb-icon-content is-layout-flow wp-container-core-group-is-layout-6d8aaa9a wp-block-group-is-layout-flow\">\n<h6 class=\"wp-block-heading has-text-align-center has-black-color has-text-color has-medium-font-size\" id=\"customizable\" style=\"line-height:1\"><strong>Tiempo de Espera Promedio<\/strong><\/h6>\n\n\n\n<p class=\"has-text-align-center\">Mejorado por <strong>50%<\/strong>, reduciendo significativamente el tiempo que los pacientes permanec\u00edan en espera.<\/p>\n<\/div>\n<\/div>\n<\/div>\n\n\n\n<div class=\"wp-block-column is-vertically-aligned-center is-layout-flow wp-block-column-is-layout-flow\">\n<div class=\"wp-block-group has-white-background-color has-background is-layout-constrained wp-container-core-group-is-layout-5bd21058 wp-block-group-is-layout-constrained\" style=\"border-radius:12px;border-top-color:#D9E9E7;border-top-style:solid;border-top-width:2px;border-right-color:#D9E9E7;border-right-style:solid;border-right-width:2px;border-bottom-color:#D9E9E7;border-bottom-style:solid;border-bottom-width:2px;border-left-color:#D9E9E7;border-left-style:solid;border-left-width:2px;min-height:320px;padding-top:24px;padding-right:24px;padding-bottom:24px;padding-left:24px\">\n<figure class=\"wp-block-image aligncenter size-full is-resized obb-icon-img\"><img loading=\"lazy\" decoding=\"async\" width=\"200\" height=\"200\" src=\"https:\/\/nomaddeskus.com\/wp-content\/uploads\/2024\/07\/ICON-SOLUTIONS-05.webp\" alt=\"\" class=\"wp-image-8203\" style=\"width:90px\" srcset=\"https:\/\/nomaddeskus.com\/wp-content\/uploads\/2024\/07\/ICON-SOLUTIONS-05.webp 200w, https:\/\/nomaddeskus.com\/wp-content\/uploads\/2024\/07\/ICON-SOLUTIONS-05-150x150.webp 150w\" sizes=\"auto, (max-width: 200px) 100vw, 200px\" \/><\/figure>\n\n\n\n<div class=\"wp-block-group obb-icon-content is-layout-flow wp-container-core-group-is-layout-6d8aaa9a wp-block-group-is-layout-flow\">\n<h6 class=\"wp-block-heading has-text-align-center has-black-color has-text-color has-medium-font-size\" id=\"customizable\" style=\"line-height:1\"><strong>Llamadas Contestadas<\/strong><\/h6>\n\n\n\n<p class=\"has-text-align-center\">El n\u00famero de llamadas contestadas aument\u00f3 en <strong>60%<\/strong> de marzo de 2023 a marzo de 2024, lo que refleja la mejora de la eficiencia y la capacidad del centro de llamadas.<\/p>\n<\/div>\n<\/div>\n<\/div>\n<\/div>\n<\/div>\n<\/div>\n\n\n\n<div class=\"wp-block-cover alignfull has-parallax\" style=\"border-style:none;border-width:0px;border-radius:0px;margin-top:0;margin-bottom:0;padding-top:0;padding-bottom:0;min-height:800px;aspect-ratio:unset;\"><div class=\"wp-block-cover__image-background wp-image-8235 has-parallax\" style=\"background-position:50% 50%;background-image:url(https:\/\/nomaddeskus.com\/wp-content\/uploads\/2024\/07\/contactFRM.webp)\"><\/div><span aria-hidden=\"true\" class=\"wp-block-cover__background has-black-background-color has-background-dim-30 has-background-dim\"><\/span><div class=\"wp-block-cover__inner-container is-layout-flow wp-block-cover-is-layout-flow\">\n<div class=\"wp-block-columns alignfull are-vertically-aligned-center is-not-stacked-on-mobile is-layout-flex wp-container-core-columns-is-layout-12af38aa wp-block-columns-is-layout-flex\" style=\"margin-top:0;margin-bottom:0;padding-top:0;padding-right:0px;padding-bottom:0;padding-left:84px\">\n<div class=\"wp-block-column is-vertically-aligned-center is-layout-constrained wp-container-core-column-is-layout-7db9d80f wp-block-column-is-layout-constrained\" style=\"padding-right:0;padding-left:0;flex-basis:49%\">\n<h2 class=\"wp-block-heading has-white-color has-text-color has-link-color wp-elements-2b3ec22345109dee8b5269bcea914163\"><strong>\u00bfListo para hacer crecer su negocio?<\/strong><\/h2>\n\n\n\n<p class=\"has-text-align-left has-medium-font-size\">\u00a1Cont\u00e1ctanos!<\/p>\n<\/div>\n\n\n\n<div class=\"wp-block-column is-vertically-aligned-center is-content-justification-right is-layout-constrained wp-container-core-column-is-layout-5c12a1d1 wp-block-column-is-layout-constrained\" style=\"border-style:none;border-width:0px;flex-basis:32%\"><div class=\"wp-block-jetpack-contact-form is-style-outlined wp-elements-179ecd62722ac4fc7609445bfcd17512\"><a href=\"https:\/\/nomaddeskus.com\/es\/case-umma\/\" target=\"_blank\" rel=\"noopener noreferrer\">Env\u00eda un formulario.<\/a><\/div><\/div>\n<\/div>\n<\/div><\/div>\n<\/div>","protected":false},"excerpt":{"rendered":"<p>SITUATION We first became aware of the operational challenges at UMMA Community Clinic through a referral from another clinic in Los Angeles. Recognizing the need for enhanced call center services, UMMA\u2019s leadership reached out to us for more information. To properly assess the clinic\u2019s situation before proposing a solution, we conducted a detailed analysis, including [&hellip;]<\/p>","protected":false},"author":8,"featured_media":0,"parent":0,"menu_order":0,"comment_status":"closed","ping_status":"closed","template":"template-blank","meta":{"footnotes":""},"class_list":["post-8494","page","type-page","status-publish","hentry"],"jetpack_sharing_enabled":true,"_links":{"self":[{"href":"https:\/\/nomaddeskus.com\/es\/wp-json\/wp\/v2\/pages\/8494","targetHints":{"allow":["GET"]}}],"collection":[{"href":"https:\/\/nomaddeskus.com\/es\/wp-json\/wp\/v2\/pages"}],"about":[{"href":"https:\/\/nomaddeskus.com\/es\/wp-json\/wp\/v2\/types\/page"}],"author":[{"embeddable":true,"href":"https:\/\/nomaddeskus.com\/es\/wp-json\/wp\/v2\/users\/8"}],"replies":[{"embeddable":true,"href":"https:\/\/nomaddeskus.com\/es\/wp-json\/wp\/v2\/comments?post=8494"}],"version-history":[{"count":13,"href":"https:\/\/nomaddeskus.com\/es\/wp-json\/wp\/v2\/pages\/8494\/revisions"}],"predecessor-version":[{"id":10653,"href":"https:\/\/nomaddeskus.com\/es\/wp-json\/wp\/v2\/pages\/8494\/revisions\/10653"}],"wp:attachment":[{"href":"https:\/\/nomaddeskus.com\/es\/wp-json\/wp\/v2\/media?parent=8494"}],"curies":[{"name":"wp","href":"https:\/\/api.w.org\/{rel}","templated":true}]}}