{"id":8580,"date":"2024-08-18T05:32:55","date_gmt":"2024-08-18T12:32:55","guid":{"rendered":"https:\/\/nomaddeskus.com\/?page_id=8580"},"modified":"2024-08-18T05:34:05","modified_gmt":"2024-08-18T12:34:05","slug":"ana-sarabia","status":"publish","type":"page","link":"https:\/\/nomaddeskus.com\/es\/ana-sarabia\/","title":{"rendered":"Ana Sarabia"},"content":{"rendered":"<div class=\"wp-block-group is-layout-constrained wp-block-group-is-layout-constrained\">\n<div style=\"height:100px\" aria-hidden=\"true\" class=\"wp-block-spacer\"><\/div>\n\n\n\n<figure class=\"wp-block-image aligncenter size-medium is-style-rounded\"><img loading=\"lazy\" decoding=\"async\" width=\"300\" height=\"300\" src=\"https:\/\/nomaddeskus.com\/wp-content\/uploads\/2024\/08\/Team-pictures-N-Ana-Sarabia-300x300.webp\" alt=\"\" class=\"wp-image-8577\" srcset=\"https:\/\/nomaddeskus.com\/wp-content\/uploads\/2024\/08\/Team-pictures-N-Ana-Sarabia-300x300.webp 300w, https:\/\/nomaddeskus.com\/wp-content\/uploads\/2024\/08\/Team-pictures-N-Ana-Sarabia-150x150.webp 150w, https:\/\/nomaddeskus.com\/wp-content\/uploads\/2024\/08\/Team-pictures-N-Ana-Sarabia-768x768.webp 768w, https:\/\/nomaddeskus.com\/wp-content\/uploads\/2024\/08\/Team-pictures-N-Ana-Sarabia.webp 828w\" sizes=\"auto, (max-width: 300px) 100vw, 300px\" \/><\/figure>\n\n\n\n<h2 class=\"wp-block-heading has-text-align-center\">Ana Sarabia<\/h2>\n\n\n\n<p>Hola, soy Ana Sarabia de Culiac\u00e1n, Sinaloa. Estoy en la empresa desde 2021 y actualmente me desempe\u00f1o como Jefa de Personal Junior. Mi objetivo es garantizar el buen funcionamiento de la oficina y respaldar el \u00e9xito de nuestro equipo.<\/p>\n\n\n\n<div class=\"wp-block-buttons is-layout-flex wp-block-buttons-is-layout-flex\">\n<div class=\"wp-block-button\"><a class=\"wp-block-button__link wp-element-button\" href=\"https:\/\/nomaddeskus.com\/es\/why-nomad-desk\/#nomadteam\">VOLVER<\/a><\/div>\n<\/div>\n\n\n\n<div style=\"height:100px\" aria-hidden=\"true\" class=\"wp-block-spacer\"><\/div>\n<\/div>","protected":false},"excerpt":{"rendered":"<p>Ana Sarabia Hi, I\u2019m Ana Sarabia from Culiac\u00e1n, Sinaloa. I\u2019ve been with the company since 2021 and currently serve as Jr. Chief of Staff. My focus is on ensuring smooth office operations and supporting our team\u2019s success.<\/p>","protected":false},"author":8,"featured_media":0,"parent":0,"menu_order":0,"comment_status":"closed","ping_status":"closed","template":"template-blank","meta":{"footnotes":""},"class_list":["post-8580","page","type-page","status-publish","hentry"],"jetpack_sharing_enabled":true,"_links":{"self":[{"href":"https:\/\/nomaddeskus.com\/es\/wp-json\/wp\/v2\/pages\/8580","targetHints":{"allow":["GET"]}}],"collection":[{"href":"https:\/\/nomaddeskus.com\/es\/wp-json\/wp\/v2\/pages"}],"about":[{"href":"https:\/\/nomaddeskus.com\/es\/wp-json\/wp\/v2\/types\/page"}],"author":[{"embeddable":true,"href":"https:\/\/nomaddeskus.com\/es\/wp-json\/wp\/v2\/users\/8"}],"replies":[{"embeddable":true,"href":"https:\/\/nomaddeskus.com\/es\/wp-json\/wp\/v2\/comments?post=8580"}],"version-history":[{"count":2,"href":"https:\/\/nomaddeskus.com\/es\/wp-json\/wp\/v2\/pages\/8580\/revisions"}],"predecessor-version":[{"id":8582,"href":"https:\/\/nomaddeskus.com\/es\/wp-json\/wp\/v2\/pages\/8580\/revisions\/8582"}],"wp:attachment":[{"href":"https:\/\/nomaddeskus.com\/es\/wp-json\/wp\/v2\/media?parent=8580"}],"curies":[{"name":"wp","href":"https:\/\/api.w.org\/{rel}","templated":true}]}}