{"id":8583,"date":"2024-08-18T05:35:21","date_gmt":"2024-08-18T12:35:21","guid":{"rendered":"https:\/\/nomaddeskus.com\/?page_id=8583"},"modified":"2024-08-18T05:35:33","modified_gmt":"2024-08-18T12:35:33","slug":"david-aguilar","status":"publish","type":"page","link":"https:\/\/nomaddeskus.com\/es\/david-aguilar\/","title":{"rendered":"David Aguilar"},"content":{"rendered":"<div class=\"wp-block-group is-layout-constrained wp-block-group-is-layout-constrained\">\n<div style=\"height:100px\" aria-hidden=\"true\" class=\"wp-block-spacer\"><\/div>\n\n\n\n<figure class=\"wp-block-image aligncenter size-medium is-style-rounded\"><img loading=\"lazy\" decoding=\"async\" width=\"300\" height=\"300\" src=\"https:\/\/nomaddeskus.com\/wp-content\/uploads\/2024\/08\/Team-pictures-N-David-Aguilar-300x300.webp\" alt=\"\" class=\"wp-image-8578\" srcset=\"https:\/\/nomaddeskus.com\/wp-content\/uploads\/2024\/08\/Team-pictures-N-David-Aguilar-300x300.webp 300w, https:\/\/nomaddeskus.com\/wp-content\/uploads\/2024\/08\/Team-pictures-N-David-Aguilar-150x150.webp 150w, https:\/\/nomaddeskus.com\/wp-content\/uploads\/2024\/08\/Team-pictures-N-David-Aguilar-768x768.webp 768w, https:\/\/nomaddeskus.com\/wp-content\/uploads\/2024\/08\/Team-pictures-N-David-Aguilar.webp 828w\" sizes=\"auto, (max-width: 300px) 100vw, 300px\" \/><\/figure>\n\n\n\n<h2 class=\"wp-block-heading has-text-align-center\">David Aguilar<\/h2>\n\n\n\n<p>Especialista en Recursos Humanos altamente motivado y orientado a resultados con m\u00e1s de 5 a\u00f1os de experiencia en gesti\u00f3n de RR.HH., adquisici\u00f3n de talentos y relaciones con los empleados. Trayectoria comprobada en el desarrollo e implementaci\u00f3n de estrategias de RR.HH. efectivas para atraer, desarrollar y retener a los mejores talentos, fomentando al mismo tiempo una cultura organizacional positiva. Habilidad para llevar a cabo procesos integrales de reclutamiento, gestionar la incorporaci\u00f3n y salida de empleados y resolver problemas complejos en el lugar de trabajo. Apasionado por impulsar el \u00e9xito organizacional a trav\u00e9s de la gesti\u00f3n estrat\u00e9gica del capital humano.<br><\/p>\n\n\n\n<div class=\"wp-block-buttons is-layout-flex wp-block-buttons-is-layout-flex\">\n<div class=\"wp-block-button\"><a class=\"wp-block-button__link wp-element-button\" href=\"https:\/\/nomaddeskus.com\/es\/why-nomad-desk\/#nomadteam\">VOLVER<\/a><\/div>\n<\/div>\n\n\n\n<div style=\"height:100px\" aria-hidden=\"true\" class=\"wp-block-spacer\"><\/div>\n<\/div>","protected":false},"excerpt":{"rendered":"<p>David Aguilar Highly motivated and results-oriented Human Resources Specialist with over 5 years of experience in HR management, talent acquisition, and employee relations. Proven track record of developing and implementing effective HR strategies to attract, develop, and retain top talent while fostering a positive organizational culture. Skilled in conducting comprehensive recruitment processes, managing employee onboarding [&hellip;]<\/p>","protected":false},"author":8,"featured_media":0,"parent":0,"menu_order":0,"comment_status":"closed","ping_status":"closed","template":"template-blank","meta":{"footnotes":""},"class_list":["post-8583","page","type-page","status-publish","hentry"],"jetpack_sharing_enabled":true,"_links":{"self":[{"href":"https:\/\/nomaddeskus.com\/es\/wp-json\/wp\/v2\/pages\/8583","targetHints":{"allow":["GET"]}}],"collection":[{"href":"https:\/\/nomaddeskus.com\/es\/wp-json\/wp\/v2\/pages"}],"about":[{"href":"https:\/\/nomaddeskus.com\/es\/wp-json\/wp\/v2\/types\/page"}],"author":[{"embeddable":true,"href":"https:\/\/nomaddeskus.com\/es\/wp-json\/wp\/v2\/users\/8"}],"replies":[{"embeddable":true,"href":"https:\/\/nomaddeskus.com\/es\/wp-json\/wp\/v2\/comments?post=8583"}],"version-history":[{"count":2,"href":"https:\/\/nomaddeskus.com\/es\/wp-json\/wp\/v2\/pages\/8583\/revisions"}],"predecessor-version":[{"id":8585,"href":"https:\/\/nomaddeskus.com\/es\/wp-json\/wp\/v2\/pages\/8583\/revisions\/8585"}],"wp:attachment":[{"href":"https:\/\/nomaddeskus.com\/es\/wp-json\/wp\/v2\/media?parent=8583"}],"curies":[{"name":"wp","href":"https:\/\/api.w.org\/{rel}","templated":true}]}}